{"id":3533,"date":"2022-11-02T15:53:59","date_gmt":"2022-11-02T14:53:59","guid":{"rendered":"https:\/\/test.lang-und-heyne.de\/collection\/"},"modified":"2026-04-17T15:40:22","modified_gmt":"2026-04-17T13:40:22","slug":"collection","status":"publish","type":"page","link":"https:\/\/luh.zzagenturweb.de\/zh-hans\/collection\/","title":{"rendered":"\u6536\u85cf\u54c1"},"content":{"rendered":"","protected":false},"excerpt":{"rendered":"","protected":false},"author":1,"featured_media":0,"parent":0,"menu_order":174,"comment_status":"closed","ping_status":"closed","template":"page-collection.php","meta":{"_acf_changed":false,"footnotes":""},"class_list":["post-3533","page","type-page","status-publish","hentry"],"acf":{"slide":[{"bild__video":false,"bild":{"ID":3240,"id":3240,"title":"madonna","filename":"madonna.png","filesize":2756243,"url":"https:\/\/luh.zzagenturweb.de\/dateien\/2022\/11\/madonna.png","link":"https:\/\/luh.zzagenturweb.de\/zh-hans\/collection\/madonna-2\/","alt":"","author":"1","description":"","caption":"","name":"madonna-2","status":"inherit","uploaded_to":3533,"date":"2022-11-06 12:45:01","modified":"2023-06-14 08:48:48","menu_order":0,"mime_type":"image\/png","type":"image","subtype":"png","icon":"https:\/\/luh.zzagenturweb.de\/wp-includes\/images\/media\/default.png","width":1920,"height":950,"sizes":{"thumbnail":"https:\/\/luh.zzagenturweb.de\/dateien\/2022\/11\/madonna-150x150.png","thumbnail-width":150,"thumbnail-height":150,"medium":"https:\/\/luh.zzagenturweb.de\/dateien\/2022\/11\/madonna-300x148.png","medium-width":300,"medium-height":148,"medium_large":"https:\/\/luh.zzagenturweb.de\/dateien\/2022\/11\/madonna-768x380.png","medium_large-width":768,"medium_large-height":380,"large":"https:\/\/luh.zzagenturweb.de\/dateien\/2022\/11\/madonna-1024x507.png","large-width":1024,"large-height":507,"1536x1536":"https:\/\/luh.zzagenturweb.de\/dateien\/2022\/11\/madonna-1536x760.png","1536x1536-width":1536,"1536x1536-height":760,"2048x2048":"https:\/\/luh.zzagenturweb.de\/dateien\/2022\/11\/madonna.png","2048x2048-width":1920,"2048x2048-height":950,"post-thumbnail":"https:\/\/luh.zzagenturweb.de\/dateien\/2022\/11\/madonna-150x150.png","post-thumbnail-width":150,"post-thumbnail-height":150,"wide":"https:\/\/luh.zzagenturweb.de\/dateien\/2022\/11\/madonna-1400x693.png","wide-width":1400,"wide-height":693}},"video":{"ID":5565,"id":5565,"title":"LH_Intro_Kollektion","filename":"LH_Intro_Kollektion.mp4","filesize":3083362,"url":"https:\/\/luh.zzagenturweb.de\/dateien\/2024\/02\/LH_Intro_Kollektion.mp4","link":"https:\/\/luh.zzagenturweb.de\/zh-hans\/collection\/lh_intro_kollektion-2\/","alt":"","author":"5","description":"","caption":"","name":"lh_intro_kollektion-2","status":"inherit","uploaded_to":3533,"date":"2024-02-28 09:52:20","modified":"2024-02-28 09:52:20","menu_order":0,"mime_type":"video\/mp4","type":"video","subtype":"mp4","icon":"https:\/\/luh.zzagenturweb.de\/wp-includes\/images\/media\/video.png","width":1280,"height":720},"texte":{"text":"\u6536\u85cf\u54c1<br \/>\r\n\u8428\u514b\u68ee\u5dde\u5236\u9020\u3002","subline":""}}],"modelle":{"header":"\u8be5\u7cfb\u5217\u4e2d\u7684\u6b3e\u5f0f","text":"\u8be5\u7cfb\u5217\u4e2d\u7684\u6b3e\u5f0f\u6784\u6210\u4e86Lang & Heyne\u5f53\u524d\u7684\u6838\u5fc3\u4ea7\u54c1\u3002\u6bcf\u4e00\u6761\u4ea7\u54c1\u7ebf\u90fd\u9075\u5faa\u7740\u72ec\u7279\u7684\u521b\u610f\u4e0e\u6280\u672f\u7406\u5ff5\uff0c\u540c\u65f6\u59cb\u7ec8\u79c9\u627f\u5fb7\u7d2f\u65af\u987f\u7684\u4f20\u7edf\u3001\u6e05\u6670\u53ef\u8fa8\u7684\u8bbe\u8ba1\u98ce\u683c\u4ee5\u53ca\u7cbe\u6e5b\u7684\u5de5\u827a\u3002"},"editionen":{"header":"\u9650\u91cf\u7248","text":"\u5728Lang & Heyne\u7684\u5de5\u574a\u4e2d\uff0c\u603b\u80fd\u6d8c\u73b0\u51fa\u8d85\u8d8a\u5e38\u89c4\u8868\u6b3e\u8bbe\u8ba1\u7684\u521b\u610f\u3002\u591a\u6837\u5316\u7684\u6750\u8d28\u3001\u72ec\u7279\u7684\u8868\u76d8\u4ee5\u53ca\u7cbe\u6e5b\u7684\u5236\u4f5c\u5de5\u827a\uff0c\u5f00\u8f9f\u4e86\u5168\u65b0\u7684\u8bbe\u8ba1\u4e0e\u6280\u672f\u53ef\u80fd\u6027\u3002\u7ecf\u8fc7\u7cbe\u5fc3\u7b5b\u9009\u7684\u6982\u5ff5\u6700\u7ec8\u88ab\u6253\u9020\u4e3a\u5177\u6709\u72ec\u7279\u4e2a\u6027\u7684\u9650\u91cf\u7248\u8155\u8868"},"sonderanfertigungen":{"header":"\u7279\u6b8a\u578b\u53f7\u6863\u6848","text":"\u8fc7\u5f80\u7684\u7cfb\u5217\u4f5c\u54c1\u548c\u5b9a\u5236\u6b3e\u5145\u5206\u5c55\u73b0\u4e86\u540c\u4e00\u8868\u6b3e\u7cfb\u5217\u53ef\u4ee5\u88ab\u8be0\u91ca\u51fa\u591a\u4e48\u4e30\u5bcc\u7684\u53ef\u80fd\u6027\u3002\u4ee5\u4e0b\u793a\u4f8b\u5c55\u793a\u4e86\u5728\u9650\u91cf\u7248\u6216\u5b9a\u5236\u6b3e\u4e2d\u91c7\u7528\u7684\u7279\u6b8a\u6750\u8d28\u3001\u8868\u76d8\u53ca\u7ec6\u8282\u8bbe\u8ba1\u3002\r\n\r\n\u8fd9\u4e9b\u793a\u4f8b\u5c55\u793a\u4e86\u5728\u7279\u522b\u9879\u76ee\u4e2d\u91c7\u7528\u7684\u6750\u8d28\u3001\u8868\u76d8\u3001\u954c\u523b\u5de5\u827a\u53ca\u7ec6\u8282\u8bbe\u8ba1\u3002","bild":{"ID":3536,"id":3536,"title":"LH_Augustus_2","filename":"LH_Augustus_2.jpg","filesize":224993,"url":"https:\/\/luh.zzagenturweb.de\/dateien\/2023\/05\/LH_Augustus_2.jpg","link":"https:\/\/luh.zzagenturweb.de\/zh-hans\/collection\/lh_augustus_2-2\/","alt":"","author":"2","description":"","caption":"","name":"lh_augustus_2-2","status":"inherit","uploaded_to":3533,"date":"2023-05-11 08:23:49","modified":"2023-05-11 08:23:49","menu_order":0,"mime_type":"image\/jpeg","type":"image","subtype":"jpeg","icon":"https:\/\/luh.zzagenturweb.de\/wp-includes\/images\/media\/default.png","width":1000,"height":705,"sizes":{"thumbnail":"https:\/\/luh.zzagenturweb.de\/dateien\/2023\/05\/LH_Augustus_2-150x150.jpg","thumbnail-width":150,"thumbnail-height":150,"medium":"https:\/\/luh.zzagenturweb.de\/dateien\/2023\/05\/LH_Augustus_2-300x212.jpg","medium-width":300,"medium-height":212,"medium_large":"https:\/\/luh.zzagenturweb.de\/dateien\/2023\/05\/LH_Augustus_2-768x541.jpg","medium_large-width":768,"medium_large-height":541,"large":"https:\/\/luh.zzagenturweb.de\/dateien\/2023\/05\/LH_Augustus_2.jpg","large-width":1000,"large-height":705,"1536x1536":"https:\/\/luh.zzagenturweb.de\/dateien\/2023\/05\/LH_Augustus_2.jpg","1536x1536-width":1000,"1536x1536-height":705,"2048x2048":"https:\/\/luh.zzagenturweb.de\/dateien\/2023\/05\/LH_Augustus_2.jpg","2048x2048-width":1000,"2048x2048-height":705,"post-thumbnail":"https:\/\/luh.zzagenturweb.de\/dateien\/2023\/05\/LH_Augustus_2-150x150.jpg","post-thumbnail-width":150,"post-thumbnail-height":150,"wide":"https:\/\/luh.zzagenturweb.de\/dateien\/2023\/05\/LH_Augustus_2.jpg","wide-width":1000,"wide-height":705}},"linktext":"\u67e5\u770b\u5b58\u6863","target":"https:\/\/luh.zzagenturweb.de\/zh-hans\/custommadepieces\/"},"akzente":{"header":"\u8bbe\u8ba1\u72ec\u4e00\u65e0\u4e8c\u7684\u4f5c\u54c1","text":"\u72ec\u4e00\u65e0\u4e8c\u7684\u4f5c\u54c1\u662f\u5236\u8868\u5de5\u827a\u7684\u5dc5\u5cf0\uff0c\u5c55\u73b0\u4e86\u5353\u8d8a\u7684\u624b\u5de5\u6280\u827a\u4e0e\u7cbe\u6e5b\u5de5\u827a\u3002Lang & Heyne \u4e3a\u521b\u610f\u63d0\u4f9b\u5e7f\u9614\u7a7a\u95f4\uff0c\u5e76\u51ed\u501f\u4e30\u5bcc\u7684\u5de5\u827a\u6280\u672f\uff0c\u5c06\u5ba2\u6237\u7684\u4e2a\u6027\u5316\u613f\u671b\u4ed8\u8bf8\u73b0\u5b9e\uff0c\u4ee5\u7eaa\u5ff5\u7279\u6b8a\u65f6\u523b\u3002","bild":{"ID":4191,"id":4191,"title":"LH_Moritz_Schwarz_Detail","filename":"LH_Moritz_Schwarz_Detail.jpg","filesize":281853,"url":"https:\/\/luh.zzagenturweb.de\/dateien\/2023\/05\/LH_Moritz_Schwarz_Detail.jpg","link":"https:\/\/luh.zzagenturweb.de\/zh-hans\/accents\/lh_moritz_schwarz_detail-2\/","alt":"","author":"2","description":"","caption":"","name":"lh_moritz_schwarz_detail-2","status":"inherit","uploaded_to":4165,"date":"2023-05-30 09:54:55","modified":"2023-05-30 09:54:55","menu_order":0,"mime_type":"image\/jpeg","type":"image","subtype":"jpeg","icon":"https:\/\/luh.zzagenturweb.de\/wp-includes\/images\/media\/default.png","width":1000,"height":705,"sizes":{"thumbnail":"https:\/\/luh.zzagenturweb.de\/dateien\/2023\/05\/LH_Moritz_Schwarz_Detail-150x150.jpg","thumbnail-width":150,"thumbnail-height":150,"medium":"https:\/\/luh.zzagenturweb.de\/dateien\/2023\/05\/LH_Moritz_Schwarz_Detail-300x212.jpg","medium-width":300,"medium-height":212,"medium_large":"https:\/\/luh.zzagenturweb.de\/dateien\/2023\/05\/LH_Moritz_Schwarz_Detail-768x541.jpg","medium_large-width":768,"medium_large-height":541,"large":"https:\/\/luh.zzagenturweb.de\/dateien\/2023\/05\/LH_Moritz_Schwarz_Detail.jpg","large-width":1000,"large-height":705,"1536x1536":"https:\/\/luh.zzagenturweb.de\/dateien\/2023\/05\/LH_Moritz_Schwarz_Detail.jpg","1536x1536-width":1000,"1536x1536-height":705,"2048x2048":"https:\/\/luh.zzagenturweb.de\/dateien\/2023\/05\/LH_Moritz_Schwarz_Detail.jpg","2048x2048-width":1000,"2048x2048-height":705,"post-thumbnail":"https:\/\/luh.zzagenturweb.de\/dateien\/2023\/05\/LH_Moritz_Schwarz_Detail-150x150.jpg","post-thumbnail-width":150,"post-thumbnail-height":150,"wide":"https:\/\/luh.zzagenturweb.de\/dateien\/2023\/05\/LH_Moritz_Schwarz_Detail.jpg","wide-width":1000,"wide-height":705}},"linktext":"\u5ba2\u88fd\u5316\u9078\u9805","target":"https:\/\/luh.zzagenturweb.de\/zh-hans\/accents\/"},"start":[{"acf_fc_layout":"textbild","header":"\u59d3\u540d\u8d5e\u52a9\u4eba","anchor":false,"order":false,"bigtext":false,"bild":{"ID":3538,"id":3538,"title":"LH_Namenspatrone_Fuerstenzug_Dresden","filename":"LH-Kachel-Fuerstenzug-Neu1.jpg","filesize":459867,"url":"https:\/\/luh.zzagenturweb.de\/dateien\/2023\/05\/LH-Kachel-Fuerstenzug-Neu1.jpg","link":"https:\/\/luh.zzagenturweb.de\/zh-hans\/collection\/lh_namenspatrone_fuerstenzug_dresden-3\/","alt":"","author":"2","description":"F\u00fcrstenzug Dresden, Wandmosaik mit S\u00e4chsischen F\u00fcrsten, Namenspatrone Lang & Heyne Uhren Modelle, Copyright: tama66 \u00fcber pixabay","caption":"F\u00fcrstenzug Dresden, Copyright: tama66 \u00fcber pixabay","name":"lh_namenspatrone_fuerstenzug_dresden-3","status":"inherit","uploaded_to":3533,"date":"2023-05-16 07:46:20","modified":"2023-05-16 07:46:20","menu_order":0,"mime_type":"image\/jpeg","type":"image","subtype":"jpeg","icon":"https:\/\/luh.zzagenturweb.de\/wp-includes\/images\/media\/default.png","width":1000,"height":705,"sizes":{"thumbnail":"https:\/\/luh.zzagenturweb.de\/dateien\/2023\/05\/LH_Namenspatrone_Fuerstenzug_Dresden-1-150x150.jpg","thumbnail-width":150,"thumbnail-height":150,"medium":"https:\/\/luh.zzagenturweb.de\/dateien\/2023\/05\/LH_Namenspatrone_Fuerstenzug_Dresden-1-300x212.jpg","medium-width":300,"medium-height":212,"medium_large":"https:\/\/luh.zzagenturweb.de\/dateien\/2023\/05\/LH_Namenspatrone_Fuerstenzug_Dresden-1-768x541.jpg","medium_large-width":768,"medium_large-height":541,"large":"https:\/\/luh.zzagenturweb.de\/dateien\/2023\/05\/LH-Kachel-Fuerstenzug-Neu1.jpg","large-width":1000,"large-height":705,"1536x1536":"https:\/\/luh.zzagenturweb.de\/dateien\/2023\/05\/LH-Kachel-Fuerstenzug-Neu1.jpg","1536x1536-width":1000,"1536x1536-height":705,"2048x2048":"https:\/\/luh.zzagenturweb.de\/dateien\/2023\/05\/LH-Kachel-Fuerstenzug-Neu1.jpg","2048x2048-width":1000,"2048x2048-height":705,"post-thumbnail":"https:\/\/luh.zzagenturweb.de\/dateien\/2023\/05\/LH_Namenspatrone_Fuerstenzug_Dresden-1-150x150.jpg","post-thumbnail-width":150,"post-thumbnail-height":150,"wide":"https:\/\/luh.zzagenturweb.de\/dateien\/2023\/05\/LH-Kachel-Fuerstenzug-Neu1.jpg","wide-width":1000,"wide-height":705}},"sub":"\u5fb7\u7d2f\u65af\u987f\u7684\u738b\u5b50\u6e38\u884c","text":"Lang & Heyne \u7684\u7cfb\u5217\u4ee3\u8868\u4e86\u5fb7\u7d2f\u65af\u987f\u7684\u673a\u68b0\u5236\u8868\u5de5\u827a\uff0c\u91c7\u7528\u624b\u5de5\u7cbe\u4fee\u7684\u81ea\u4ea7\u673a\u82af\uff0c\u5e76\u62e5\u6709\u6e05\u6670\u800c\u72ec\u7279\u7684\u9020\u578b\u8bed\u8a00\u3002\u5176\u8868\u6b3e\u540d\u79f0\u5747\u53d6\u81ea\u8428\u514b\u68ee\u56fd\u738b\u548c\u9009\u5e1d\u4faf\u7684\u540d\u5b57\uff0c\u4ee5\u6b64\u5f70\u663e\u54c1\u724c\u7684\u6e0a\u6e90\uff0c\u5e76\u81f4\u656c\u4f5c\u4e3a\u8428\u514b\u68ee\u5236\u8868\u4e1a\u5386\u53f2\u53d1\u6e90\u5730\u7684\u5fb7\u7d2f\u65af\u987f\u3002","link":"\u63a2\u7d22\u5fb7\u7d2f\u65af\u987f\u7684\u5386\u53f2","target":"https:\/\/luh.zzagenturweb.de\/zh-hans\/history\/","zusatzbild":false,"bild2":false,"ausrichtung":false,"sub2":""}]},"wpml_current_locale":"zh_CN","wpml_translations":{"en_US":{"locale":"en_US","id":3035,"slug":"collection","post_title":"Collection","href":"https:\/\/luh.zzagenturweb.de\/en\/collection\/"},"de_DE":{"locale":"de_DE","id":81,"slug":"kollektion","post_title":"Kollektion","href":"https:\/\/luh.zzagenturweb.de\/kollektion\/"},"fr_FR":{"locale":"fr_FR","id":7832,"slug":"collection","post_title":"Collection","href":"https:\/\/luh.zzagenturweb.de\/fr\/collection\/"},"es_ES":{"locale":"es_ES","id":7843,"slug":"coleccion","post_title":"Colecci\u00f3n","href":"https:\/\/luh.zzagenturweb.de\/es\/coleccion\/"},"ja":{"locale":"ja","id":3076,"slug":"collection","post_title":"\u30b3\u30ec\u30af\u30b7\u30e7\u30f3","href":"https:\/\/luh.zzagenturweb.de\/ja\/collection\/"}},"_links":{"self":[{"href":"https:\/\/luh.zzagenturweb.de\/zh-hans\/wp-json\/wp\/v2\/pages\/3533","targetHints":{"allow":["GET"]}}],"collection":[{"href":"https:\/\/luh.zzagenturweb.de\/zh-hans\/wp-json\/wp\/v2\/pages"}],"about":[{"href":"https:\/\/luh.zzagenturweb.de\/zh-hans\/wp-json\/wp\/v2\/types\/page"}],"author":[{"embeddable":true,"href":"https:\/\/luh.zzagenturweb.de\/zh-hans\/wp-json\/wp\/v2\/users\/1"}],"replies":[{"embeddable":true,"href":"https:\/\/luh.zzagenturweb.de\/zh-hans\/wp-json\/wp\/v2\/comments?post=3533"}],"version-history":[{"count":1,"href":"https:\/\/luh.zzagenturweb.de\/zh-hans\/wp-json\/wp\/v2\/pages\/3533\/revisions"}],"predecessor-version":[{"id":4308,"href":"https:\/\/luh.zzagenturweb.de\/zh-hans\/wp-json\/wp\/v2\/pages\/3533\/revisions\/4308"}],"wp:attachment":[{"href":"https:\/\/luh.zzagenturweb.de\/zh-hans\/wp-json\/wp\/v2\/media?parent=3533"}],"curies":[{"name":"wp","href":"https:\/\/api.w.org\/{rel}","templated":true}]}}