{"id":3076,"date":"2022-11-02T15:53:59","date_gmt":"2022-11-02T14:53:59","guid":{"rendered":"https:\/\/test.lang-und-heyne.de\/collection\/"},"modified":"2026-04-17T15:36:49","modified_gmt":"2026-04-17T13:36:49","slug":"collection","status":"publish","type":"page","link":"https:\/\/luh.zzagenturweb.de\/ja\/collection\/","title":{"rendered":"\u30b3\u30ec\u30af\u30b7\u30e7\u30f3"},"content":{"rendered":"","protected":false},"excerpt":{"rendered":"","protected":false},"author":1,"featured_media":0,"parent":0,"menu_order":175,"comment_status":"closed","ping_status":"closed","template":"page-collection.php","meta":{"_acf_changed":false,"footnotes":""},"class_list":["post-3076","page","type-page","status-publish","hentry"],"acf":{"slide":[{"bild__video":false,"bild":{"ID":161,"id":161,"title":"madonna","filename":"madonna.png","filesize":2756243,"url":"https:\/\/luh.zzagenturweb.de\/dateien\/2022\/11\/madonna.png","link":"https:\/\/luh.zzagenturweb.de\/ja\/collection\/madonna-2\/","alt":"","author":"1","description":"","caption":"","name":"madonna-2","status":"inherit","uploaded_to":3076,"date":"2022-11-06 12:45:01","modified":"2023-06-09 09:45:43","menu_order":0,"mime_type":"image\/png","type":"image","subtype":"png","icon":"https:\/\/luh.zzagenturweb.de\/wp-includes\/images\/media\/default.png","width":1920,"height":950,"sizes":{"thumbnail":"https:\/\/luh.zzagenturweb.de\/dateien\/2022\/11\/madonna-150x150.png","thumbnail-width":150,"thumbnail-height":150,"medium":"https:\/\/luh.zzagenturweb.de\/dateien\/2022\/11\/madonna-300x148.png","medium-width":300,"medium-height":148,"medium_large":"https:\/\/luh.zzagenturweb.de\/dateien\/2022\/11\/madonna-768x380.png","medium_large-width":768,"medium_large-height":380,"large":"https:\/\/luh.zzagenturweb.de\/dateien\/2022\/11\/madonna-1024x507.png","large-width":1024,"large-height":507,"1536x1536":"https:\/\/luh.zzagenturweb.de\/dateien\/2022\/11\/madonna-1536x760.png","1536x1536-width":1536,"1536x1536-height":760,"2048x2048":"https:\/\/luh.zzagenturweb.de\/dateien\/2022\/11\/madonna.png","2048x2048-width":1920,"2048x2048-height":950,"post-thumbnail":"https:\/\/luh.zzagenturweb.de\/dateien\/2022\/11\/madonna-150x150.png","post-thumbnail-width":150,"post-thumbnail-height":150,"wide":"https:\/\/luh.zzagenturweb.de\/dateien\/2022\/11\/madonna-1400x693.png","wide-width":1400,"wide-height":693}},"video":{"ID":5567,"id":5567,"title":"LH_Intro_Kollektion","filename":"LH_Intro_Kollektion.mp4","filesize":3083362,"url":"https:\/\/luh.zzagenturweb.de\/dateien\/2024\/02\/LH_Intro_Kollektion.mp4","link":"https:\/\/luh.zzagenturweb.de\/ja\/collection\/lh_intro_kollektion-2\/","alt":"","author":"5","description":"","caption":"","name":"lh_intro_kollektion-2","status":"inherit","uploaded_to":3076,"date":"2024-02-28 09:52:20","modified":"2024-02-28 09:52:20","menu_order":0,"mime_type":"video\/mp4","type":"video","subtype":"mp4","icon":"https:\/\/luh.zzagenturweb.de\/wp-includes\/images\/media\/video.png","width":1280,"height":720},"texte":{"text":"\u30b3\u30ec\u30af\u30b7\u30e7\u30f3<br \/>\r\n\u30e1\u30a4\u30c9\u30a4\u30f3\u30b6\u30af\u30bb\u30f3","subline":""}}],"modelle":{"header":"\u30b3\u30ec\u30af\u30b7\u30e7\u30f3\u306e\u30e2\u30c7\u30eb","text":"\u3053\u306e\u30b3\u30ec\u30af\u30b7\u30e7\u30f3\u306e\u30e2\u30c7\u30eb\u306f\u3001\u73fe\u5728Lang & Heyne\u306e\u4e2d\u6838\u3092\u6210\u3057\u3066\u3044\u307e\u3059\u3002\u5404\u30e9\u30a4\u30f3\u306f\u72ec\u81ea\u306e\u30c7\u30b6\u30a4\u30f3\u30b3\u30f3\u30bb\u30d7\u30c8\u3068\u6280\u8853\u7684\u30a2\u30d7\u30ed\u30fc\u30c1\u3092\u8ffd\u6c42\u3057\u3064\u3064\u3082\u3001\u30c9\u30ec\u30b9\u30c7\u30f3\u306e\u30eb\u30fc\u30c4\u3001\u660e\u78ba\u306a\u30c7\u30b6\u30a4\u30f3\u6027\u3001\u305d\u3057\u3066\u8077\u4eba\u6280\u306b\u3088\u308b\u4ed5\u4e0a\u3052\u3092\u8cab\u3044\u3066\u3044\u307e\u3059\u3002"},"editionen":{"header":"\u9650\u5b9a\u7248","text":"Lang & Heyne\u306e\u5de5\u623f\u3067\u306f\u3001\u30e2\u30c7\u30eb\u306e\u6a19\u6e96\u4ed5\u69d8\u3092\u8d85\u3048\u308b\u30a2\u30a4\u30c7\u30a2\u304c\u7d76\u3048\u305a\u751f\u307e\u308c\u3066\u3044\u307e\u3059\u3002\u591a\u69d8\u306a\u7d20\u6750\u3001\u7279\u5225\u306a\u6587\u5b57\u76e4\u3001\u305d\u3057\u3066\u9ad8\u5ea6\u306a\u88fd\u9020\u6280\u8853\u304c\u3001\u30c7\u30b6\u30a4\u30f3\u3068\u6280\u8853\u306e\u4e21\u9762\u3067\u65b0\u305f\u306a\u53ef\u80fd\u6027\u3092\u5207\u308a\u62d3\u3044\u3066\u3044\u307e\u3059\u3002\u53b3\u9078\u3055\u308c\u305f\u30b3\u30f3\u30bb\u30d7\u30c8\u304b\u3089\u3001\u72ec\u81ea\u306e\u500b\u6027\u3092\u5099\u3048\u305f\u9650\u5b9a\u30e2\u30c7\u30eb\u304c\u8a95\u751f\u3057\u307e\u3059\u3002"},"sonderanfertigungen":{"header":"\u7279\u5225\u4ed5\u69d8\u306e\u30a2\u30fc\u30ab\u30a4\u30d6","text":"\u904e\u53bb\u306e\u30e2\u30c7\u30eb\u3084\u7279\u6ce8\u54c1\u306f\u3001\u4e00\u3064\u306e\u30e2\u30c7\u30eb\u30e9\u30a4\u30f3\u304c\u3044\u304b\u306b\u591a\u69d8\u306a\u89e3\u91c8\u304c\u53ef\u80fd\u304b\u3092\u793a\u3057\u3066\u3044\u307e\u3059\u3002\u4ee5\u4e0b\u306e\u4f8b\u306f\u3001\u9650\u5b9a\u30e2\u30c7\u30eb\u3084\u7279\u6ce8\u30e2\u30c7\u30eb\u3067\u63a1\u7528\u3055\u308c\u305f\u7279\u5225\u306a\u7d20\u6750\u3001\u6587\u5b57\u76e4\u3001\u7d30\u90e8\u306b\u3064\u3044\u3066\u3054\u7d39\u4ecb\u3057\u307e\u3059\u3002\r\n\r\n\u3053\u308c\u3089\u306e\u4f8b\u306f\u3001\u7279\u5225\u306a\u30d7\u30ed\u30b8\u30a7\u30af\u30c8\u3067\u63a1\u7528\u3055\u308c\u305f\u7d20\u6750\u3001\u6587\u5b57\u76e4\u3001\u523b\u5370\u3001\u7d30\u90e8\u306b\u3064\u3044\u3066\u3054\u7d39\u4ecb\u3057\u307e\u3059\u3002","bild":{"ID":2307,"id":2307,"title":"LH_Augustus_2","filename":"LH_Augustus_2.jpg","filesize":224993,"url":"https:\/\/luh.zzagenturweb.de\/dateien\/2023\/05\/LH_Augustus_2.jpg","link":"https:\/\/luh.zzagenturweb.de\/ja\/collection\/lh_augustus_2-2\/","alt":"","author":"2","description":"","caption":"","name":"lh_augustus_2-2","status":"inherit","uploaded_to":3076,"date":"2023-05-11 08:23:49","modified":"2023-06-09 09:45:43","menu_order":0,"mime_type":"image\/jpeg","type":"image","subtype":"jpeg","icon":"https:\/\/luh.zzagenturweb.de\/wp-includes\/images\/media\/default.png","width":1000,"height":705,"sizes":{"thumbnail":"https:\/\/luh.zzagenturweb.de\/dateien\/2023\/05\/LH_Augustus_2-150x150.jpg","thumbnail-width":150,"thumbnail-height":150,"medium":"https:\/\/luh.zzagenturweb.de\/dateien\/2023\/05\/LH_Augustus_2-300x212.jpg","medium-width":300,"medium-height":212,"medium_large":"https:\/\/luh.zzagenturweb.de\/dateien\/2023\/05\/LH_Augustus_2-768x541.jpg","medium_large-width":768,"medium_large-height":541,"large":"https:\/\/luh.zzagenturweb.de\/dateien\/2023\/05\/LH_Augustus_2.jpg","large-width":1000,"large-height":705,"1536x1536":"https:\/\/luh.zzagenturweb.de\/dateien\/2023\/05\/LH_Augustus_2.jpg","1536x1536-width":1000,"1536x1536-height":705,"2048x2048":"https:\/\/luh.zzagenturweb.de\/dateien\/2023\/05\/LH_Augustus_2.jpg","2048x2048-width":1000,"2048x2048-height":705,"post-thumbnail":"https:\/\/luh.zzagenturweb.de\/dateien\/2023\/05\/LH_Augustus_2-150x150.jpg","post-thumbnail-width":150,"post-thumbnail-height":150,"wide":"https:\/\/luh.zzagenturweb.de\/dateien\/2023\/05\/LH_Augustus_2.jpg","wide-width":1000,"wide-height":705}},"linktext":"\u30a2\u30fc\u30ab\u30a4\u30d6\u3092\u898b\u308b","target":"https:\/\/luh.zzagenturweb.de\/ja\/custommadepieces\/"},"akzente":{"header":"\u30aa\u30ea\u30b8\u30ca\u30eb\u30c7\u30b6\u30a4\u30f3\u3092\u4f5c\u6210\u3059\u308b","text":"\u6642\u8a08\u88fd\u9020\u306b\u304a\u3044\u3066\u3001\u4e00\u70b9\u3082\u306e\u306f\u3001\u5b8c\u6210\u3055\u308c\u305f\u8077\u4eba\u6280\u3068\u719f\u7df4\u306e\u6975\u307f\u3068\u8a00\u3048\u308b\u3082\u306e\u3067\u3059\u3002Lang & Heyne\u306f\u3001\u5275\u9020\u306e\u4f59\u5730\u3092\u5e83\u3052\u3001\u7279\u5225\u306a\u6a5f\u4f1a\u306b\u3075\u3055\u308f\u3057\u3044\u304a\u5ba2\u69d8\u306e\u9858\u3044\u3092\u5f62\u306b\u3059\u308b\u305f\u3081\u306e\u3001\u591a\u5f69\u306a\u8077\u4eba\u6280\u3068\u6280\u8853\u3092\u63d0\u4f9b\u3057\u307e\u3059\u3002","bild":{"ID":2888,"id":2888,"title":"LH_Moritz_Schwarz_Detail","filename":"LH_Moritz_Schwarz_Detail.jpg","filesize":281853,"url":"https:\/\/luh.zzagenturweb.de\/dateien\/2023\/05\/LH_Moritz_Schwarz_Detail.jpg","link":"https:\/\/luh.zzagenturweb.de\/ja\/accents\/lh_moritz_schwarz_detail-2\/","alt":"","author":"2","description":"","caption":"","name":"lh_moritz_schwarz_detail-2","status":"inherit","uploaded_to":3070,"date":"2023-05-30 09:54:55","modified":"2023-06-09 08:22:26","menu_order":0,"mime_type":"image\/jpeg","type":"image","subtype":"jpeg","icon":"https:\/\/luh.zzagenturweb.de\/wp-includes\/images\/media\/default.png","width":1000,"height":705,"sizes":{"thumbnail":"https:\/\/luh.zzagenturweb.de\/dateien\/2023\/05\/LH_Moritz_Schwarz_Detail-150x150.jpg","thumbnail-width":150,"thumbnail-height":150,"medium":"https:\/\/luh.zzagenturweb.de\/dateien\/2023\/05\/LH_Moritz_Schwarz_Detail-300x212.jpg","medium-width":300,"medium-height":212,"medium_large":"https:\/\/luh.zzagenturweb.de\/dateien\/2023\/05\/LH_Moritz_Schwarz_Detail-768x541.jpg","medium_large-width":768,"medium_large-height":541,"large":"https:\/\/luh.zzagenturweb.de\/dateien\/2023\/05\/LH_Moritz_Schwarz_Detail.jpg","large-width":1000,"large-height":705,"1536x1536":"https:\/\/luh.zzagenturweb.de\/dateien\/2023\/05\/LH_Moritz_Schwarz_Detail.jpg","1536x1536-width":1000,"1536x1536-height":705,"2048x2048":"https:\/\/luh.zzagenturweb.de\/dateien\/2023\/05\/LH_Moritz_Schwarz_Detail.jpg","2048x2048-width":1000,"2048x2048-height":705,"post-thumbnail":"https:\/\/luh.zzagenturweb.de\/dateien\/2023\/05\/LH_Moritz_Schwarz_Detail-150x150.jpg","post-thumbnail-width":150,"post-thumbnail-height":150,"wide":"https:\/\/luh.zzagenturweb.de\/dateien\/2023\/05\/LH_Moritz_Schwarz_Detail.jpg","wide-width":1000,"wide-height":705}},"linktext":"\u30ab\u30b9\u30bf\u30de\u30a4\u30ba\u30aa\u30d7\u30b7\u30e7\u30f3","target":"https:\/\/luh.zzagenturweb.de\/ja\/accents\/"},"start":[{"acf_fc_layout":"textbild","header":"\u30a8\u30dd\u30cb\u30e0","anchor":false,"order":false,"bigtext":false,"bild":{"ID":2519,"id":2519,"title":"LH_Namenspatrone_Fuerstenzug_Dresden","filename":"LH-Kachel-Fuerstenzug-Neu1.jpg","filesize":459867,"url":"https:\/\/luh.zzagenturweb.de\/dateien\/2023\/05\/LH-Kachel-Fuerstenzug-Neu1.jpg","link":"https:\/\/luh.zzagenturweb.de\/ja\/collection\/lh_namenspatrone_fuerstenzug_dresden-2-2\/","alt":"F\u00fcrstenzug Dresden, Wandmosaik mit S\u00e4chsischen F\u00fcrsten, Namenspatrone der Lang & Heyne Uhren Modelle,","author":"2","description":"F\u00fcrstenzug Dresden, Wandmosaik mit S\u00e4chsischen F\u00fcrsten, Namenspatrone Lang & Heyne Uhren Modelle, Copyright: tama66 \u00fcber pixabay","caption":"von tama66 von pixabay","name":"lh_namenspatrone_fuerstenzug_dresden-2-2","status":"inherit","uploaded_to":3076,"date":"2023-05-16 07:46:20","modified":"2023-06-12 08:32:17","menu_order":0,"mime_type":"image\/jpeg","type":"image","subtype":"jpeg","icon":"https:\/\/luh.zzagenturweb.de\/wp-includes\/images\/media\/default.png","width":1000,"height":705,"sizes":{"thumbnail":"https:\/\/luh.zzagenturweb.de\/dateien\/2023\/05\/LH_Namenspatrone_Fuerstenzug_Dresden-1-150x150.jpg","thumbnail-width":150,"thumbnail-height":150,"medium":"https:\/\/luh.zzagenturweb.de\/dateien\/2023\/05\/LH_Namenspatrone_Fuerstenzug_Dresden-1-300x212.jpg","medium-width":300,"medium-height":212,"medium_large":"https:\/\/luh.zzagenturweb.de\/dateien\/2023\/05\/LH_Namenspatrone_Fuerstenzug_Dresden-1-768x541.jpg","medium_large-width":768,"medium_large-height":541,"large":"https:\/\/luh.zzagenturweb.de\/dateien\/2023\/05\/LH-Kachel-Fuerstenzug-Neu1.jpg","large-width":1000,"large-height":705,"1536x1536":"https:\/\/luh.zzagenturweb.de\/dateien\/2023\/05\/LH-Kachel-Fuerstenzug-Neu1.jpg","1536x1536-width":1000,"1536x1536-height":705,"2048x2048":"https:\/\/luh.zzagenturweb.de\/dateien\/2023\/05\/LH-Kachel-Fuerstenzug-Neu1.jpg","2048x2048-width":1000,"2048x2048-height":705,"post-thumbnail":"https:\/\/luh.zzagenturweb.de\/dateien\/2023\/05\/LH_Namenspatrone_Fuerstenzug_Dresden-1-150x150.jpg","post-thumbnail-width":150,"post-thumbnail-height":150,"wide":"https:\/\/luh.zzagenturweb.de\/dateien\/2023\/05\/LH-Kachel-Fuerstenzug-Neu1.jpg","wide-width":1000,"wide-height":705}},"sub":"\u30c9\u30ec\u30b9\u30c7\u30f3\u3067\u306e\u738b\u5b50\u69d8\u305f\u3061\u306e\u884c\u5217","text":"Lang & Heyne\u306e\u30b3\u30ec\u30af\u30b7\u30e7\u30f3\u306f\u3001\u30c9\u30ec\u30b9\u30c7\u30f3\u767a\u306e\u6a5f\u68b0\u5f0f\u6642\u8a08\u88fd\u9020\u3001\u624b\u4f5c\u696d\u3067\u4ed5\u4e0a\u3052\u3089\u308c\u305f\u81ea\u793e\u88fd\u30ad\u30e3\u30ea\u30d0\u30fc\u3001\u305d\u3057\u3066\u660e\u78ba\u3067\u72ec\u81ea\u306e\u30c7\u30b6\u30a4\u30f3\u8a00\u8a9e\u3092\u4f53\u73fe\u3057\u3066\u3044\u307e\u3059\u3002\u305d\u306e\u30e2\u30c7\u30eb\u540d\u306f\u3001\u30b6\u30af\u30bb\u30f3\u306e\u738b\u3084\u9078\u5e1d\u4faf\u306b\u3061\u306a\u3093\u3067\u540d\u4ed8\u3051\u3089\u308c\u3066\u304a\u308a\u3001\u30d6\u30e9\u30f3\u30c9\u306e\u30eb\u30fc\u30c4\u3068\u3001\u30b6\u30af\u30bb\u30f3\u306e\u6642\u8a08\u88fd\u9020\u306e\u6b74\u53f2\u7684\u767a\u7965\u5730\u3067\u3042\u308b\u30c9\u30ec\u30b9\u30c7\u30f3\u3078\u306e\u656c\u610f\u3092\u8868\u3057\u3066\u3044\u307e\u3059\u3002","link":"\u30c9\u30ec\u30b9\u30c7\u30f3\u306e\u6b74\u53f2\u3092\u63a2\u308b","target":"https:\/\/luh.zzagenturweb.de\/ja\/history\/","zusatzbild":false,"bild2":false,"ausrichtung":false,"sub2":""}]},"wpml_current_locale":"ja","wpml_translations":{"en_US":{"locale":"en_US","id":3035,"slug":"collection","post_title":"Collection","href":"https:\/\/luh.zzagenturweb.de\/en\/collection\/"},"de_DE":{"locale":"de_DE","id":81,"slug":"kollektion","post_title":"Kollektion","href":"https:\/\/luh.zzagenturweb.de\/kollektion\/"},"fr_FR":{"locale":"fr_FR","id":7832,"slug":"collection","post_title":"Collection","href":"https:\/\/luh.zzagenturweb.de\/fr\/collection\/"},"es_ES":{"locale":"es_ES","id":7843,"slug":"coleccion","post_title":"Colecci\u00f3n","href":"https:\/\/luh.zzagenturweb.de\/es\/coleccion\/"},"zh_CN":{"locale":"zh_CN","id":3533,"slug":"collection","post_title":"\u6536\u85cf\u54c1","href":"https:\/\/luh.zzagenturweb.de\/zh-hans\/collection\/"}},"_links":{"self":[{"href":"https:\/\/luh.zzagenturweb.de\/ja\/wp-json\/wp\/v2\/pages\/3076","targetHints":{"allow":["GET"]}}],"collection":[{"href":"https:\/\/luh.zzagenturweb.de\/ja\/wp-json\/wp\/v2\/pages"}],"about":[{"href":"https:\/\/luh.zzagenturweb.de\/ja\/wp-json\/wp\/v2\/types\/page"}],"author":[{"embeddable":true,"href":"https:\/\/luh.zzagenturweb.de\/ja\/wp-json\/wp\/v2\/users\/1"}],"replies":[{"embeddable":true,"href":"https:\/\/luh.zzagenturweb.de\/ja\/wp-json\/wp\/v2\/comments?post=3076"}],"version-history":[{"count":2,"href":"https:\/\/luh.zzagenturweb.de\/ja\/wp-json\/wp\/v2\/pages\/3076\/revisions"}],"predecessor-version":[{"id":4011,"href":"https:\/\/luh.zzagenturweb.de\/ja\/wp-json\/wp\/v2\/pages\/3076\/revisions\/4011"}],"wp:attachment":[{"href":"https:\/\/luh.zzagenturweb.de\/ja\/wp-json\/wp\/v2\/media?parent=3076"}],"curies":[{"name":"wp","href":"https:\/\/api.w.org\/{rel}","templated":true}]}}