{"id":7546,"date":"2023-06-12T10:56:05","date_gmt":"2023-06-12T08:56:05","guid":{"rendered":"https:\/\/www.lang-und-heyne.de\/404-2\/"},"modified":"2025-04-16T08:46:17","modified_gmt":"2025-04-16T06:46:17","slug":"404-2","status":"publish","type":"page","link":"https:\/\/luh.zzagenturweb.de\/fr\/404-2\/","title":{"rendered":"404"},"content":{"rendered":"","protected":false},"excerpt":{"rendered":"","protected":false},"author":2,"featured_media":0,"parent":0,"menu_order":105,"comment_status":"closed","ping_status":"closed","template":"","meta":{"_acf_changed":false,"footnotes":""},"class_list":["post-7546","page","type-page","status-publish","hentry"],"acf":{"start":[{"acf_fc_layout":"textbild","header":"","anchor":true,"order":true,"bigtext":true,"bild":{"ID":7943,"id":7943,"title":"LH_Georg_Detail_Woelbung","filename":"LH_Georg_Detail_Woelbung.jpg","filesize":219116,"url":"https:\/\/luh.zzagenturweb.de\/dateien\/2022\/10\/LH_Georg_Detail_Woelbung.jpg","link":"https:\/\/luh.zzagenturweb.de\/fr\/modelle\/georg\/lh_georg_detail_woelbung-2\/","alt":"","author":"2","description":"","caption":"","name":"lh_georg_detail_woelbung-2","status":"inherit","uploaded_to":7917,"date":"2023-04-21 09:53:58","modified":"2023-04-21 09:53:58","menu_order":0,"mime_type":"image\/jpeg","type":"image","subtype":"jpeg","icon":"https:\/\/luh.zzagenturweb.de\/wp-includes\/images\/media\/default.png","width":1500,"height":960,"sizes":{"thumbnail":"https:\/\/luh.zzagenturweb.de\/dateien\/2022\/10\/LH_Georg_Detail_Woelbung-150x150.jpg","thumbnail-width":150,"thumbnail-height":150,"medium":"https:\/\/luh.zzagenturweb.de\/dateien\/2022\/10\/LH_Georg_Detail_Woelbung-300x192.jpg","medium-width":300,"medium-height":192,"medium_large":"https:\/\/luh.zzagenturweb.de\/dateien\/2022\/10\/LH_Georg_Detail_Woelbung-768x492.jpg","medium_large-width":768,"medium_large-height":492,"large":"https:\/\/luh.zzagenturweb.de\/dateien\/2022\/10\/LH_Georg_Detail_Woelbung-1024x655.jpg","large-width":1024,"large-height":655,"1536x1536":"https:\/\/luh.zzagenturweb.de\/dateien\/2022\/10\/LH_Georg_Detail_Woelbung.jpg","1536x1536-width":1500,"1536x1536-height":960,"2048x2048":"https:\/\/luh.zzagenturweb.de\/dateien\/2022\/10\/LH_Georg_Detail_Woelbung.jpg","2048x2048-width":1500,"2048x2048-height":960,"post-thumbnail":"https:\/\/luh.zzagenturweb.de\/dateien\/2022\/10\/LH_Georg_Detail_Woelbung-150x150.jpg","post-thumbnail-width":150,"post-thumbnail-height":150,"wide":"https:\/\/luh.zzagenturweb.de\/dateien\/2022\/10\/LH_Georg_Detail_Woelbung-1400x896.jpg","wide-width":1400,"wide-height":896}},"sub":"Notre site \u00e9tait en r\u00e9vision afin de continuer \u00e0 vous offrir des informations et des fonctionnalit\u00e9s d\u2019une pr\u00e9cision horlog\u00e8re.","text":"Comme pour une montre m\u00e9canique, de petits r\u00e9glages sont parfois n\u00e9cessaires pour garantir l\u2019harmonie parfaite entre les rouages et les fonctions.<br>Gr\u00e2ce \u00e0 notre \u00ab r\u00e9vision g\u00e9n\u00e9rale \u00bb, vous d\u00e9couvrirez notre site web dans un nouvel \u00e9crin \u2013 ce lien n\u2019est donc plus actif.  ","link":"Explorer de nouveaux horizons","target":"https:\/\/luh.zzagenturweb.de\/fr\/start\/","zusatzbild":false,"bild2":false,"ausrichtung":false,"sub2":""},{"acf_fc_layout":"threeblocks","block":[{"header":"Le Chemin Vers Le Garde-Temps","bild":{"ID":7600,"id":7600,"title":"LH_Kachel_WegZurUhr","filename":"LH_Kachel_WegZurUhr.jpg","filesize":273437,"url":"https:\/\/luh.zzagenturweb.de\/dateien\/2023\/08\/LH_Kachel_WegZurUhr.jpg","link":"https:\/\/luh.zzagenturweb.de\/fr\/artisanat\/idee\/lh_kachel_wegzuruhr-2\/","alt":"","author":"5","description":"","caption":"","name":"lh_kachel_wegzuruhr-2","status":"inherit","uploaded_to":7599,"date":"2023-08-24 12:35:10","modified":"2023-08-24 12:35:10","menu_order":0,"mime_type":"image\/jpeg","type":"image","subtype":"jpeg","icon":"https:\/\/luh.zzagenturweb.de\/wp-includes\/images\/media\/default.png","width":1000,"height":640,"sizes":{"thumbnail":"https:\/\/luh.zzagenturweb.de\/dateien\/2023\/08\/LH_Kachel_WegZurUhr-150x150.jpg","thumbnail-width":150,"thumbnail-height":150,"medium":"https:\/\/luh.zzagenturweb.de\/dateien\/2023\/08\/LH_Kachel_WegZurUhr-300x192.jpg","medium-width":300,"medium-height":192,"medium_large":"https:\/\/luh.zzagenturweb.de\/dateien\/2023\/08\/LH_Kachel_WegZurUhr-768x492.jpg","medium_large-width":768,"medium_large-height":492,"large":"https:\/\/luh.zzagenturweb.de\/dateien\/2023\/08\/LH_Kachel_WegZurUhr.jpg","large-width":1000,"large-height":640,"1536x1536":"https:\/\/luh.zzagenturweb.de\/dateien\/2023\/08\/LH_Kachel_WegZurUhr.jpg","1536x1536-width":1000,"1536x1536-height":640,"2048x2048":"https:\/\/luh.zzagenturweb.de\/dateien\/2023\/08\/LH_Kachel_WegZurUhr.jpg","2048x2048-width":1000,"2048x2048-height":640,"post-thumbnail":"https:\/\/luh.zzagenturweb.de\/dateien\/2023\/08\/LH_Kachel_WegZurUhr-150x150.jpg","post-thumbnail-width":150,"post-thumbnail-height":150,"wide":"https:\/\/luh.zzagenturweb.de\/dateien\/2023\/08\/LH_Kachel_WegZurUhr.jpg","wide-width":1000,"wide-height":640}},"link":"https:\/\/luh.zzagenturweb.de\/fr\/artisanat\/","beschriftung":"Aper\u00e7u de la pr\u00e9cision, de l'artisanat et de la passion qui entrent dans la fabrication des garde-temps haut de gamme de Lang & Heyne."},{"header":"Collection","bild":{"ID":7589,"id":7589,"title":"LH_Kachel-Kollektion","filename":"LH_Kachel-Kollektion.jpg","filesize":486103,"url":"https:\/\/luh.zzagenturweb.de\/dateien\/2024\/03\/LH_Kachel-Kollektion.jpg","link":"https:\/\/luh.zzagenturweb.de\/fr\/artisanat\/montage\/lh_kachel-kollektion-2\/","alt":"","author":"5","description":"","caption":"","name":"lh_kachel-kollektion-2","status":"inherit","uploaded_to":7583,"date":"2024-03-05 09:01:45","modified":"2024-03-05 09:01:45","menu_order":0,"mime_type":"image\/jpeg","type":"image","subtype":"jpeg","icon":"https:\/\/luh.zzagenturweb.de\/wp-includes\/images\/media\/default.png","width":1000,"height":640,"sizes":{"thumbnail":"https:\/\/luh.zzagenturweb.de\/dateien\/2024\/03\/LH_Kachel-Kollektion-150x150.jpg","thumbnail-width":150,"thumbnail-height":150,"medium":"https:\/\/luh.zzagenturweb.de\/dateien\/2024\/03\/LH_Kachel-Kollektion-300x192.jpg","medium-width":300,"medium-height":192,"medium_large":"https:\/\/luh.zzagenturweb.de\/dateien\/2024\/03\/LH_Kachel-Kollektion-768x492.jpg","medium_large-width":768,"medium_large-height":492,"large":"https:\/\/luh.zzagenturweb.de\/dateien\/2024\/03\/LH_Kachel-Kollektion.jpg","large-width":1000,"large-height":640,"1536x1536":"https:\/\/luh.zzagenturweb.de\/dateien\/2024\/03\/LH_Kachel-Kollektion.jpg","1536x1536-width":1000,"1536x1536-height":640,"2048x2048":"https:\/\/luh.zzagenturweb.de\/dateien\/2024\/03\/LH_Kachel-Kollektion.jpg","2048x2048-width":1000,"2048x2048-height":640,"post-thumbnail":"https:\/\/luh.zzagenturweb.de\/dateien\/2024\/03\/LH_Kachel-Kollektion-150x150.jpg","post-thumbnail-width":150,"post-thumbnail-height":150,"wide":"https:\/\/luh.zzagenturweb.de\/dateien\/2024\/03\/LH_Kachel-Kollektion.jpg","wide-width":1000,"wide-height":640}},"link":"https:\/\/luh.zzagenturweb.de\/fr\/collection\/","beschriftung":"D\u00e9couvrez l'\u00e9l\u00e9gance intemporelle et la ma\u00eetrise artisanale de notre collection."},{"header":"Revendeurs Officiels","bild":{"ID":7548,"id":7548,"title":"LH_Kachel-Kauf","filename":"LH_Kachel-Kauf.jpg","filesize":378902,"url":"https:\/\/luh.zzagenturweb.de\/dateien\/2024\/03\/LH_Kachel-Kauf.jpg","link":"https:\/\/luh.zzagenturweb.de\/fr\/404-2\/lh_kachel-kauf-2\/","alt":"","author":"5","description":"","caption":"","name":"lh_kachel-kauf-2","status":"inherit","uploaded_to":7546,"date":"2024-03-05 11:59:30","modified":"2024-03-05 11:59:30","menu_order":0,"mime_type":"image\/jpeg","type":"image","subtype":"jpeg","icon":"https:\/\/luh.zzagenturweb.de\/wp-includes\/images\/media\/default.png","width":1000,"height":640,"sizes":{"thumbnail":"https:\/\/luh.zzagenturweb.de\/dateien\/2024\/03\/LH_Kachel-Kauf-150x150.jpg","thumbnail-width":150,"thumbnail-height":150,"medium":"https:\/\/luh.zzagenturweb.de\/dateien\/2024\/03\/LH_Kachel-Kauf-300x192.jpg","medium-width":300,"medium-height":192,"medium_large":"https:\/\/luh.zzagenturweb.de\/dateien\/2024\/03\/LH_Kachel-Kauf-768x492.jpg","medium_large-width":768,"medium_large-height":492,"large":"https:\/\/luh.zzagenturweb.de\/dateien\/2024\/03\/LH_Kachel-Kauf.jpg","large-width":1000,"large-height":640,"1536x1536":"https:\/\/luh.zzagenturweb.de\/dateien\/2024\/03\/LH_Kachel-Kauf.jpg","1536x1536-width":1000,"1536x1536-height":640,"2048x2048":"https:\/\/luh.zzagenturweb.de\/dateien\/2024\/03\/LH_Kachel-Kauf.jpg","2048x2048-width":1000,"2048x2048-height":640,"post-thumbnail":"https:\/\/luh.zzagenturweb.de\/dateien\/2024\/03\/LH_Kachel-Kauf-150x150.jpg","post-thumbnail-width":150,"post-thumbnail-height":150,"wide":"https:\/\/luh.zzagenturweb.de\/dateien\/2024\/03\/LH_Kachel-Kauf.jpg","wide-width":1000,"wide-height":640}},"link":"https:\/\/luh.zzagenturweb.de\/fr\/commerce-specialise\/","beschriftung":"Retrouvez-nous pr\u00e8s de chez vous."}]}],"slide":[{"bild__video":true,"bild":{"ID":7547,"id":7547,"title":"LH_404_Revision_Seite-nicht-gefunden","filename":"LH_404_Revision_Seite-nicht-gefunden.webp","filesize":153100,"url":"https:\/\/luh.zzagenturweb.de\/dateien\/2023\/06\/LH_404_Revision_Seite-nicht-gefunden.webp","link":"https:\/\/luh.zzagenturweb.de\/fr\/404-2\/lh_404_revision_seite-nicht-gefunden-2\/","alt":"","author":"5","description":"","caption":"","name":"lh_404_revision_seite-nicht-gefunden-2","status":"inherit","uploaded_to":7546,"date":"2023-06-26 09:14:53","modified":"2023-06-26 09:14:53","menu_order":0,"mime_type":"image\/webp","type":"image","subtype":"webp","icon":"https:\/\/luh.zzagenturweb.de\/wp-includes\/images\/media\/default.png","width":1920,"height":1000,"sizes":{"thumbnail":"https:\/\/luh.zzagenturweb.de\/dateien\/2023\/06\/LH_404_Revision_Seite-nicht-gefunden-150x150.webp","thumbnail-width":150,"thumbnail-height":150,"medium":"https:\/\/luh.zzagenturweb.de\/dateien\/2023\/06\/LH_404_Revision_Seite-nicht-gefunden-300x156.webp","medium-width":300,"medium-height":156,"medium_large":"https:\/\/luh.zzagenturweb.de\/dateien\/2023\/06\/LH_404_Revision_Seite-nicht-gefunden-768x400.webp","medium_large-width":768,"medium_large-height":400,"large":"https:\/\/luh.zzagenturweb.de\/dateien\/2023\/06\/LH_404_Revision_Seite-nicht-gefunden-1024x533.webp","large-width":1024,"large-height":533,"1536x1536":"https:\/\/luh.zzagenturweb.de\/dateien\/2023\/06\/LH_404_Revision_Seite-nicht-gefunden-1536x800.webp","1536x1536-width":1536,"1536x1536-height":800,"2048x2048":"https:\/\/luh.zzagenturweb.de\/dateien\/2023\/06\/LH_404_Revision_Seite-nicht-gefunden.webp","2048x2048-width":1920,"2048x2048-height":1000,"post-thumbnail":"https:\/\/luh.zzagenturweb.de\/dateien\/2023\/06\/LH_404_Revision_Seite-nicht-gefunden-150x150.webp","post-thumbnail-width":150,"post-thumbnail-height":150,"wide":"https:\/\/luh.zzagenturweb.de\/dateien\/2023\/06\/LH_404_Revision_Seite-nicht-gefunden-1400x729.webp","wide-width":1400,"wide-height":729}},"video":false,"texte":{"text":"Il est exactement 4h04","subline":"Le moment est venu de d\u00e9couvrir quelque chose de nouveau"}}]},"wpml_current_locale":"fr_FR","wpml_translations":{"en_US":{"locale":"en_US","id":3738,"slug":"404-2","post_title":"404","href":"https:\/\/luh.zzagenturweb.de\/en\/404-2\/"},"de_DE":{"locale":"de_DE","id":3138,"slug":"404-2","post_title":"404","href":"https:\/\/luh.zzagenturweb.de\/404-2\/"},"es_ES":{"locale":"es_ES","id":7549,"slug":"404-2","post_title":"404","href":"https:\/\/luh.zzagenturweb.de\/es\/404-2\/"},"ja":{"locale":"ja","id":4580,"slug":"404-2","post_title":"404","href":"https:\/\/luh.zzagenturweb.de\/ja\/404-2\/"},"zh_CN":{"locale":"zh_CN","id":4164,"slug":"404-2","post_title":"404","href":"https:\/\/luh.zzagenturweb.de\/zh-hans\/404-2\/"}},"_links":{"self":[{"href":"https:\/\/luh.zzagenturweb.de\/fr\/wp-json\/wp\/v2\/pages\/7546","targetHints":{"allow":["GET"]}}],"collection":[{"href":"https:\/\/luh.zzagenturweb.de\/fr\/wp-json\/wp\/v2\/pages"}],"about":[{"href":"https:\/\/luh.zzagenturweb.de\/fr\/wp-json\/wp\/v2\/types\/page"}],"author":[{"embeddable":true,"href":"https:\/\/luh.zzagenturweb.de\/fr\/wp-json\/wp\/v2\/users\/2"}],"replies":[{"embeddable":true,"href":"https:\/\/luh.zzagenturweb.de\/fr\/wp-json\/wp\/v2\/comments?post=7546"}],"version-history":[{"count":1,"href":"https:\/\/luh.zzagenturweb.de\/fr\/wp-json\/wp\/v2\/pages\/7546\/revisions"}],"predecessor-version":[{"id":8715,"href":"https:\/\/luh.zzagenturweb.de\/fr\/wp-json\/wp\/v2\/pages\/7546\/revisions\/8715"}],"wp:attachment":[{"href":"https:\/\/luh.zzagenturweb.de\/fr\/wp-json\/wp\/v2\/media?parent=7546"}],"curies":[{"name":"wp","href":"https:\/\/api.w.org\/{rel}","templated":true}]}}