{"id":7201,"date":"2023-04-26T10:35:51","date_gmt":"2023-04-26T08:35:51","guid":{"rendered":"https:\/\/www.lang-und-heyne.de\/service\/"},"modified":"2023-04-26T10:35:51","modified_gmt":"2023-04-26T08:35:51","slug":"service","status":"publish","type":"page","link":"https:\/\/luh.zzagenturweb.de\/fr\/service\/","title":{"rendered":"Service"},"content":{"rendered":"","protected":false},"excerpt":{"rendered":"","protected":false},"author":2,"featured_media":0,"parent":0,"menu_order":132,"comment_status":"closed","ping_status":"closed","template":"","meta":{"_acf_changed":false,"footnotes":""},"class_list":["post-7201","page","type-page","status-publish","hentry"],"acf":{"start":[{"acf_fc_layout":"textbild","header":"R\u00e9vision et entretien","anchor":true,"order":true,"bigtext":false,"bild":{"ID":7203,"id":7203,"title":"LH_Wartung_Pflege","filename":"LH_Wartung_Pflege.jpg","filesize":271832,"url":"https:\/\/luh.zzagenturweb.de\/dateien\/2023\/04\/LH_Wartung_Pflege.jpg","link":"https:\/\/luh.zzagenturweb.de\/fr\/service\/lh_wartung_pflege-2\/","alt":"","author":"2","description":"","caption":"","name":"lh_wartung_pflege-2","status":"inherit","uploaded_to":7201,"date":"2023-04-26 10:04:32","modified":"2023-04-26 10:04:32","menu_order":0,"mime_type":"image\/jpeg","type":"image","subtype":"jpeg","icon":"https:\/\/luh.zzagenturweb.de\/wp-includes\/images\/media\/default.png","width":1000,"height":705,"sizes":{"thumbnail":"https:\/\/luh.zzagenturweb.de\/dateien\/2023\/04\/LH_Wartung_Pflege-150x150.jpg","thumbnail-width":150,"thumbnail-height":150,"medium":"https:\/\/luh.zzagenturweb.de\/dateien\/2023\/04\/LH_Wartung_Pflege-300x212.jpg","medium-width":300,"medium-height":212,"medium_large":"https:\/\/luh.zzagenturweb.de\/dateien\/2023\/04\/LH_Wartung_Pflege-768x541.jpg","medium_large-width":768,"medium_large-height":541,"large":"https:\/\/luh.zzagenturweb.de\/dateien\/2023\/04\/LH_Wartung_Pflege.jpg","large-width":1000,"large-height":705,"1536x1536":"https:\/\/luh.zzagenturweb.de\/dateien\/2023\/04\/LH_Wartung_Pflege.jpg","1536x1536-width":1000,"1536x1536-height":705,"2048x2048":"https:\/\/luh.zzagenturweb.de\/dateien\/2023\/04\/LH_Wartung_Pflege.jpg","2048x2048-width":1000,"2048x2048-height":705,"post-thumbnail":"https:\/\/luh.zzagenturweb.de\/dateien\/2023\/04\/LH_Wartung_Pflege-150x150.jpg","post-thumbnail-width":150,"post-thumbnail-height":150,"wide":"https:\/\/luh.zzagenturweb.de\/dateien\/2023\/04\/LH_Wartung_Pflege.jpg","wide-width":1000,"wide-height":705}},"sub":"","text":"Un certificat de garantie pour les cr\u00e9ations de notre maison garantit le soin apport\u00e9 \u00e0 la fabrication et la capacit\u00e9 de fonctionnement en termes de kilom\u00e9trage, de pr\u00e9cision, de fiabilit\u00e9 et de s\u00e9curit\u00e9 de fonctionnement pendant de nombreuses ann\u00e9es (la garantie couvre 2 ans), \u00e0 condition que la montre soit manipul\u00e9e correctement. Nous recommandons une r\u00e9vision tous les 4 \u00e0 5 ans. Nous nous ferons un plaisir de vous le rappeler.    <br \/>\nUne r\u00e9vision comprend un d\u00e9montage complet, une inspection de tous les composants, ainsi que le nettoyage, l'entretien, le montage et le r\u00e9glage fin. En cas de bris de verre ou d'autres besoins de r\u00e9paration, nous sommes toujours pr\u00eats \u00e0 vous aider. ","link":"","target":"","zusatzbild":false,"bild2":false,"ausrichtung":false,"sub2":""},{"acf_fc_layout":"textbild","header":"Presse","anchor":true,"order":false,"bigtext":false,"bild":{"ID":7207,"id":7207,"title":"LH-Kachel-Presse-Neu","filename":"LH-Kachel-Presse-Neu.jpg","filesize":387327,"url":"https:\/\/luh.zzagenturweb.de\/dateien\/2024\/05\/LH-Kachel-Presse-Neu.jpg","link":"https:\/\/luh.zzagenturweb.de\/fr\/service\/lh-kachel-presse-neu-2\/","alt":"","author":"5","description":"","caption":"","name":"lh-kachel-presse-neu-2","status":"inherit","uploaded_to":7201,"date":"2024-05-14 19:58:15","modified":"2024-05-14 19:58:15","menu_order":0,"mime_type":"image\/jpeg","type":"image","subtype":"jpeg","icon":"https:\/\/luh.zzagenturweb.de\/wp-includes\/images\/media\/default.png","width":1000,"height":705,"sizes":{"thumbnail":"https:\/\/luh.zzagenturweb.de\/dateien\/2024\/05\/LH-Kachel-Presse-Neu-150x150.jpg","thumbnail-width":150,"thumbnail-height":150,"medium":"https:\/\/luh.zzagenturweb.de\/dateien\/2024\/05\/LH-Kachel-Presse-Neu-300x212.jpg","medium-width":300,"medium-height":212,"medium_large":"https:\/\/luh.zzagenturweb.de\/dateien\/2024\/05\/LH-Kachel-Presse-Neu-768x541.jpg","medium_large-width":768,"medium_large-height":541,"large":"https:\/\/luh.zzagenturweb.de\/dateien\/2024\/05\/LH-Kachel-Presse-Neu.jpg","large-width":1000,"large-height":705,"1536x1536":"https:\/\/luh.zzagenturweb.de\/dateien\/2024\/05\/LH-Kachel-Presse-Neu.jpg","1536x1536-width":1000,"1536x1536-height":705,"2048x2048":"https:\/\/luh.zzagenturweb.de\/dateien\/2024\/05\/LH-Kachel-Presse-Neu.jpg","2048x2048-width":1000,"2048x2048-height":705,"post-thumbnail":"https:\/\/luh.zzagenturweb.de\/dateien\/2024\/05\/LH-Kachel-Presse-Neu-150x150.jpg","post-thumbnail-width":150,"post-thumbnail-height":150,"wide":"https:\/\/luh.zzagenturweb.de\/dateien\/2024\/05\/LH-Kachel-Presse-Neu.jpg","wide-width":1000,"wide-height":705}},"sub":"","text":"Nous partageons avec les journalistes* et les r\u00e9dacteurs des m\u00e9dias* un int\u00e9r\u00eat commun pour les reportages et les informations concernant Lang & Heyne. Ils concernent les r\u00e9sultats des d\u00e9veloppements exceptionnels de notre collection, mais aussi des sujets tels que les changements au sein de l'entreprise ou notre engagement social envers la soci\u00e9t\u00e9. Les communications, contributions ou commentaires sont bas\u00e9s sur les demandes des m\u00e9dias.  ","link":"Notre gamme de services","target":"https:\/\/luh.zzagenturweb.de\/fr\/presse-2\/","zusatzbild":false,"bild2":false,"ausrichtung":false,"sub2":""},{"acf_fc_layout":"textbild","header":"Bulletin d'information","anchor":true,"order":true,"bigtext":false,"bild":{"ID":7206,"id":7206,"title":"LH-Kachel-Newsletter","filename":"LH-Kachel-Newsletter.jpg","filesize":380436,"url":"https:\/\/luh.zzagenturweb.de\/dateien\/2024\/05\/LH-Kachel-Newsletter.jpg","link":"https:\/\/luh.zzagenturweb.de\/fr\/service\/lh-kachel-newsletter-2\/","alt":"","author":"5","description":"","caption":"","name":"lh-kachel-newsletter-2","status":"inherit","uploaded_to":7201,"date":"2024-05-14 19:49:16","modified":"2024-05-14 19:49:16","menu_order":0,"mime_type":"image\/jpeg","type":"image","subtype":"jpeg","icon":"https:\/\/luh.zzagenturweb.de\/wp-includes\/images\/media\/default.png","width":1000,"height":705,"sizes":{"thumbnail":"https:\/\/luh.zzagenturweb.de\/dateien\/2024\/05\/LH-Kachel-Newsletter-150x150.jpg","thumbnail-width":150,"thumbnail-height":150,"medium":"https:\/\/luh.zzagenturweb.de\/dateien\/2024\/05\/LH-Kachel-Newsletter-300x212.jpg","medium-width":300,"medium-height":212,"medium_large":"https:\/\/luh.zzagenturweb.de\/dateien\/2024\/05\/LH-Kachel-Newsletter-768x541.jpg","medium_large-width":768,"medium_large-height":541,"large":"https:\/\/luh.zzagenturweb.de\/dateien\/2024\/05\/LH-Kachel-Newsletter.jpg","large-width":1000,"large-height":705,"1536x1536":"https:\/\/luh.zzagenturweb.de\/dateien\/2024\/05\/LH-Kachel-Newsletter.jpg","1536x1536-width":1000,"1536x1536-height":705,"2048x2048":"https:\/\/luh.zzagenturweb.de\/dateien\/2024\/05\/LH-Kachel-Newsletter.jpg","2048x2048-width":1000,"2048x2048-height":705,"post-thumbnail":"https:\/\/luh.zzagenturweb.de\/dateien\/2024\/05\/LH-Kachel-Newsletter-150x150.jpg","post-thumbnail-width":150,"post-thumbnail-height":150,"wide":"https:\/\/luh.zzagenturweb.de\/dateien\/2024\/05\/LH-Kachel-Newsletter.jpg","wide-width":1000,"wide-height":705}},"sub":"","text":"Nous vous invitons \u00e0 rejoindre notre cercle interne exclusif, o\u00f9 l'artisanat rencontre l'\u00e9l\u00e9gance et o\u00f9 la mesure du temps prend un tout nouveau sens. En tant que membre, vous aurez acc\u00e8s \u00e0 nos derni\u00e8res cr\u00e9ations, \u00e0 des \u00e9ditions limit\u00e9es et \u00e0 des collaborations captivantes. Plongez dans le monde enchanteur de Lang & Heyne, o\u00f9 chaque tic-tac raconte une histoire de savoir-faire m\u00e9ticuleux.  <br \/>\n<br \/>\nPour nos partenaires commerciaux et professionnels, nous r\u00e9sumons sous cette rubrique les observations du march\u00e9, les exp\u00e9riences faites sur les salons et les discussions dans les m\u00e9dias sociaux. L'accent est mis sur les conclusions pour le d\u00e9veloppement de notre entreprise et de la marque Lang & Heyne. L'abonnement \u00e0 ces nouvelles est gratuit.  ","link":"","target":"","zusatzbild":false,"bild2":false,"ausrichtung":false,"sub2":""}],"slide":[{"bild__video":true,"bild":{"ID":7205,"id":7205,"title":"LH_Header_Service-Box","filename":"LH_Header_Service-Box.jpg","filesize":691832,"url":"https:\/\/luh.zzagenturweb.de\/dateien\/2024\/03\/LH_Header_Service-Box.jpg","link":"https:\/\/luh.zzagenturweb.de\/fr\/service\/lh_header_service-box-2\/","alt":"","author":"5","description":"","caption":"","name":"lh_header_service-box-2","status":"inherit","uploaded_to":7201,"date":"2024-03-20 15:05:55","modified":"2024-03-20 15:05:55","menu_order":0,"mime_type":"image\/jpeg","type":"image","subtype":"jpeg","icon":"https:\/\/luh.zzagenturweb.de\/wp-includes\/images\/media\/default.png","width":1920,"height":1080,"sizes":{"thumbnail":"https:\/\/luh.zzagenturweb.de\/dateien\/2024\/03\/LH_Header_Service-Box-150x150.jpg","thumbnail-width":150,"thumbnail-height":150,"medium":"https:\/\/luh.zzagenturweb.de\/dateien\/2024\/03\/LH_Header_Service-Box-300x169.jpg","medium-width":300,"medium-height":169,"medium_large":"https:\/\/luh.zzagenturweb.de\/dateien\/2024\/03\/LH_Header_Service-Box-768x432.jpg","medium_large-width":768,"medium_large-height":432,"large":"https:\/\/luh.zzagenturweb.de\/dateien\/2024\/03\/LH_Header_Service-Box-1024x576.jpg","large-width":1024,"large-height":576,"1536x1536":"https:\/\/luh.zzagenturweb.de\/dateien\/2024\/03\/LH_Header_Service-Box-1536x864.jpg","1536x1536-width":1536,"1536x1536-height":864,"2048x2048":"https:\/\/luh.zzagenturweb.de\/dateien\/2024\/03\/LH_Header_Service-Box.jpg","2048x2048-width":1920,"2048x2048-height":1080,"post-thumbnail":"https:\/\/luh.zzagenturweb.de\/dateien\/2024\/03\/LH_Header_Service-Box-150x150.jpg","post-thumbnail-width":150,"post-thumbnail-height":150,"wide":"https:\/\/luh.zzagenturweb.de\/dateien\/2024\/03\/LH_Header_Service-Box-1400x788.jpg","wide-width":1400,"wide-height":788}},"video":false,"texte":{"text":"","subline":""}}]},"wpml_current_locale":"fr_FR","wpml_translations":{"en_US":{"locale":"en_US","id":3023,"slug":"service","post_title":"Service","href":"https:\/\/luh.zzagenturweb.de\/en\/service\/"},"de_DE":{"locale":"de_DE","id":1313,"slug":"service","post_title":"Service","href":"https:\/\/luh.zzagenturweb.de\/service\/"},"es_ES":{"locale":"es_ES","id":7208,"slug":"servicio","post_title":"Servicio","href":"https:\/\/luh.zzagenturweb.de\/es\/servicio\/"},"ja":{"locale":"ja","id":3072,"slug":"service","post_title":"\u30b5\u30fc\u30d3\u30b9","href":"https:\/\/luh.zzagenturweb.de\/ja\/service\/"},"zh_CN":{"locale":"zh_CN","id":4317,"slug":"service","post_title":"\u670d\u52a1","href":"https:\/\/luh.zzagenturweb.de\/zh-hans\/service\/"}},"_links":{"self":[{"href":"https:\/\/luh.zzagenturweb.de\/fr\/wp-json\/wp\/v2\/pages\/7201","targetHints":{"allow":["GET"]}}],"collection":[{"href":"https:\/\/luh.zzagenturweb.de\/fr\/wp-json\/wp\/v2\/pages"}],"about":[{"href":"https:\/\/luh.zzagenturweb.de\/fr\/wp-json\/wp\/v2\/types\/page"}],"author":[{"embeddable":true,"href":"https:\/\/luh.zzagenturweb.de\/fr\/wp-json\/wp\/v2\/users\/2"}],"replies":[{"embeddable":true,"href":"https:\/\/luh.zzagenturweb.de\/fr\/wp-json\/wp\/v2\/comments?post=7201"}],"version-history":[{"count":0,"href":"https:\/\/luh.zzagenturweb.de\/fr\/wp-json\/wp\/v2\/pages\/7201\/revisions"}],"wp:attachment":[{"href":"https:\/\/luh.zzagenturweb.de\/fr\/wp-json\/wp\/v2\/media?parent=7201"}],"curies":[{"name":"wp","href":"https:\/\/api.w.org\/{rel}","templated":true}]}}