{"id":7153,"date":"2023-05-11T11:24:37","date_gmt":"2023-05-11T09:24:37","guid":{"rendered":"https:\/\/www.lang-und-heyne.de\/hommage-a-lhorloge-du-clocher-lang\/"},"modified":"2023-05-11T11:24:37","modified_gmt":"2023-05-11T09:24:37","slug":"hommage-a-lhorloge-du-clocher-lang","status":"publish","type":"page","link":"https:\/\/luh.zzagenturweb.de\/fr\/hommage-a-lhorloge-du-clocher-lang\/","title":{"rendered":"Hommage \u00e0 l&#8217;horloge du clocher &#8211; Lang"},"content":{"rendered":"","protected":false},"excerpt":{"rendered":"","protected":false},"author":2,"featured_media":0,"parent":0,"menu_order":104,"comment_status":"closed","ping_status":"closed","template":"","meta":{"_acf_changed":false,"footnotes":""},"class_list":["post-7153","page","type-page","status-publish","hentry"],"acf":{"start":[{"acf_fc_layout":"textbild","header":"Un hommage \u00e0 l'horloge de la tour de Glash\u00fctte","anchor":false,"order":false,"bigtext":false,"bild":{"ID":8296,"id":8296,"title":"LH_Hommage_Turmuhr","filename":"LH_Hommage_Turmuhr.jpg","filesize":286458,"url":"https:\/\/luh.zzagenturweb.de\/dateien\/2023\/05\/LH_Hommage_Turmuhr.jpg","link":"https:\/\/luh.zzagenturweb.de\/fr\/modelle\/hommage-horloge-de-tour-glashuette\/lh_hommage_turmuhr-2\/","alt":"","author":"2","description":"","caption":"","name":"lh_hommage_turmuhr-2","status":"inherit","uploaded_to":8290,"date":"2023-05-05 13:40:33","modified":"2023-05-05 13:40:33","menu_order":0,"mime_type":"image\/jpeg","type":"image","subtype":"jpeg","icon":"https:\/\/luh.zzagenturweb.de\/wp-includes\/images\/media\/default.png","width":1000,"height":705,"sizes":{"thumbnail":"https:\/\/luh.zzagenturweb.de\/dateien\/2023\/05\/LH_Hommage_Turmuhr-150x150.jpg","thumbnail-width":150,"thumbnail-height":150,"medium":"https:\/\/luh.zzagenturweb.de\/dateien\/2023\/05\/LH_Hommage_Turmuhr-300x212.jpg","medium-width":300,"medium-height":212,"medium_large":"https:\/\/luh.zzagenturweb.de\/dateien\/2023\/05\/LH_Hommage_Turmuhr-768x541.jpg","medium_large-width":768,"medium_large-height":541,"large":"https:\/\/luh.zzagenturweb.de\/dateien\/2023\/05\/LH_Hommage_Turmuhr.jpg","large-width":1000,"large-height":705,"1536x1536":"https:\/\/luh.zzagenturweb.de\/dateien\/2023\/05\/LH_Hommage_Turmuhr.jpg","1536x1536-width":1000,"1536x1536-height":705,"2048x2048":"https:\/\/luh.zzagenturweb.de\/dateien\/2023\/05\/LH_Hommage_Turmuhr.jpg","2048x2048-width":1000,"2048x2048-height":705,"post-thumbnail":"https:\/\/luh.zzagenturweb.de\/dateien\/2023\/05\/LH_Hommage_Turmuhr-150x150.jpg","post-thumbnail-width":150,"post-thumbnail-height":150,"wide":"https:\/\/luh.zzagenturweb.de\/dateien\/2023\/05\/LH_Hommage_Turmuhr.jpg","wide-width":1000,"wide-height":705}},"sub":"","text":"L'\u00e9glise protestante St Wolfgang Glash\u00fctte (construite entre 1520 et 1535) est le t\u00e9moin de deux chefs-d'\u0153uvre artisanaux : Orgue de Johann Christian Kayser (1750 \u00e0 1813, facteur d'orgues saxon) et horloge de tour de 1936 de Bernhard Zachari\u00e4, Turmuhrenfabrik Leipzig (fond\u00e9e en 1808, la plus ancienne entreprise de ce type encore en activit\u00e9), avec cadran en bois historique de 1840. En hommage \u00e0 cette grande horloge unique, nous fabriquons une \u00e9dition limit\u00e9e \u00e0 cinq pi\u00e8ces sur la base du calibre VI de Lang & Heyne. ","link":"","target":"","zusatzbild":false,"bild2":false,"ausrichtung":false,"sub2":""},{"acf_fc_layout":"textbild","header":"","anchor":false,"order":true,"bigtext":false,"bild":{"ID":7155,"id":7155,"title":"LH_Hommage_Holzzifferblatt_vs_Emaille","filename":"LH_Hommage_Holzzifferblatt_vs_Emaille.jpg","filesize":209532,"url":"https:\/\/luh.zzagenturweb.de\/dateien\/2023\/05\/LH_Hommage_Holzzifferblatt_vs_Emaille.jpg","link":"https:\/\/luh.zzagenturweb.de\/fr\/hommage-a-lhorloge-du-clocher-lang\/lh_hommage_holzzifferblatt_vs_emaille-2\/","alt":"","author":"2","description":"","caption":"","name":"lh_hommage_holzzifferblatt_vs_emaille-2","status":"inherit","uploaded_to":7153,"date":"2023-05-11 11:40:01","modified":"2023-05-11 11:40:01","menu_order":0,"mime_type":"image\/jpeg","type":"image","subtype":"jpeg","icon":"https:\/\/luh.zzagenturweb.de\/wp-includes\/images\/media\/default.png","width":1000,"height":705,"sizes":{"thumbnail":"https:\/\/luh.zzagenturweb.de\/dateien\/2023\/05\/LH_Hommage_Holzzifferblatt_vs_Emaille-150x150.jpg","thumbnail-width":150,"thumbnail-height":150,"medium":"https:\/\/luh.zzagenturweb.de\/dateien\/2023\/05\/LH_Hommage_Holzzifferblatt_vs_Emaille-300x212.jpg","medium-width":300,"medium-height":212,"medium_large":"https:\/\/luh.zzagenturweb.de\/dateien\/2023\/05\/LH_Hommage_Holzzifferblatt_vs_Emaille-768x541.jpg","medium_large-width":768,"medium_large-height":541,"large":"https:\/\/luh.zzagenturweb.de\/dateien\/2023\/05\/LH_Hommage_Holzzifferblatt_vs_Emaille.jpg","large-width":1000,"large-height":705,"1536x1536":"https:\/\/luh.zzagenturweb.de\/dateien\/2023\/05\/LH_Hommage_Holzzifferblatt_vs_Emaille.jpg","1536x1536-width":1000,"1536x1536-height":705,"2048x2048":"https:\/\/luh.zzagenturweb.de\/dateien\/2023\/05\/LH_Hommage_Holzzifferblatt_vs_Emaille.jpg","2048x2048-width":1000,"2048x2048-height":705,"post-thumbnail":"https:\/\/luh.zzagenturweb.de\/dateien\/2023\/05\/LH_Hommage_Holzzifferblatt_vs_Emaille-150x150.jpg","post-thumbnail-width":150,"post-thumbnail-height":150,"wide":"https:\/\/luh.zzagenturweb.de\/dateien\/2023\/05\/LH_Hommage_Holzzifferblatt_vs_Emaille.jpg","wide-width":1000,"wide-height":705}},"sub":"Cadran en bois original de 1840 compar\u00e9 \u00e0 l'\u00e9dition sp\u00e9ciale","text":"Or, la conception d'une horloge sur un cadran aussi petit est tr\u00e8s diff\u00e9rente de celle d'un clocher d'\u00e9glise, de sorte que nous ne pouvions pas reproduire l'aspect ext\u00e9rieur de l'horloge de Glash\u00fctte \u00e0 l'identique. Nous avons donc repris le magnifique design du cadran d'origine en bois et l'avons combin\u00e9 avec un bleu plus vif. Le r\u00e9sultat est un cadran en or rose \u00e9maill\u00e9 selon la technique du champlev\u00e9. Cette technique consiste \u00e0 recouvrir de poudre d'\u00e9mail bleue des poches incrust\u00e9es dans l'or. Ce processus requiert une grande habilet\u00e9 et une main ferme, le remplissage et la cuisson s'effectuant en plusieurs fois. Enfin, la feuille est polie. Apr\u00e8s plusieurs op\u00e9rations de d\u00e9capage et d'\u00e9maillage, l'ensemble du cadran est ponc\u00e9 \u00e0 plat.        <br \/>\n<br \/>\nLes aiguilles en or, fabriqu\u00e9es \u00e0 la main, constituent un autre point fort. Elles sont compos\u00e9es d'une aiguille et d'un canon et ont un aspect tr\u00e8s plastique gr\u00e2ce au profil r\u00e9alis\u00e9 par gravure \u00e0 la main. Ce cadran particulier est entour\u00e9 d'un bo\u00eetier assorti en trois parties en or rose 18 ct, avec les trois cornes typiques de Lang & Heyne et la couronne en forme d'oignon.   <br \/>\n","link":"Vers l'\u00e9dition sp\u00e9ciale \"Hommage","target":"https:\/\/luh.zzagenturweb.de\/fr\/modelle\/hommage-horloge-de-tour-glashuette\/","zusatzbild":false,"bild2":{"ID":8297,"id":8297,"title":"LH_FIIITurmuhrBlauII_Soldat","filename":"LH_FIIITurmuhrBlauII_Soldat.png","filesize":340676,"url":"https:\/\/luh.zzagenturweb.de\/dateien\/2023\/05\/LH_FIIITurmuhrBlauII_Soldat.png","link":"https:\/\/luh.zzagenturweb.de\/fr\/modelle\/hommage-horloge-de-tour-glashuette\/lh_fiiiturmuhrblauii_soldat-2\/","alt":"","author":"2","description":"","caption":"","name":"lh_fiiiturmuhrblauii_soldat-2","status":"inherit","uploaded_to":8290,"date":"2023-05-05 14:21:13","modified":"2023-05-05 14:21:13","menu_order":0,"mime_type":"image\/png","type":"image","subtype":"png","icon":"https:\/\/luh.zzagenturweb.de\/wp-includes\/images\/media\/default.png","width":850,"height":1400,"sizes":{"thumbnail":"https:\/\/luh.zzagenturweb.de\/dateien\/2023\/05\/LH_FIIITurmuhrBlauII_Soldat-150x150.png","thumbnail-width":150,"thumbnail-height":150,"medium":"https:\/\/luh.zzagenturweb.de\/dateien\/2023\/05\/LH_FIIITurmuhrBlauII_Soldat-182x300.png","medium-width":182,"medium-height":300,"medium_large":"https:\/\/luh.zzagenturweb.de\/dateien\/2023\/05\/LH_FIIITurmuhrBlauII_Soldat-768x1265.png","medium_large-width":768,"medium_large-height":1265,"large":"https:\/\/luh.zzagenturweb.de\/dateien\/2023\/05\/LH_FIIITurmuhrBlauII_Soldat-622x1024.png","large-width":622,"large-height":1024,"1536x1536":"https:\/\/luh.zzagenturweb.de\/dateien\/2023\/05\/LH_FIIITurmuhrBlauII_Soldat.png","1536x1536-width":850,"1536x1536-height":1400,"2048x2048":"https:\/\/luh.zzagenturweb.de\/dateien\/2023\/05\/LH_FIIITurmuhrBlauII_Soldat.png","2048x2048-width":850,"2048x2048-height":1400,"post-thumbnail":"https:\/\/luh.zzagenturweb.de\/dateien\/2023\/05\/LH_FIIITurmuhrBlauII_Soldat-150x150.png","post-thumbnail-width":150,"post-thumbnail-height":150,"wide":"https:\/\/luh.zzagenturweb.de\/dateien\/2023\/05\/LH_FIIITurmuhrBlauII_Soldat.png","wide-width":850,"wide-height":1400}},"ausrichtung":true,"sub2":""},{"acf_fc_layout":"galerie","galerie":[{"bild":{"ID":7162,"id":7162,"title":"LH_Hommage_Detail_Skizzen","filename":"LH_Hommage_Detail_Skizzen.jpg","filesize":253261,"url":"https:\/\/luh.zzagenturweb.de\/dateien\/2023\/05\/LH_Hommage_Detail_Skizzen.jpg","link":"https:\/\/luh.zzagenturweb.de\/fr\/hommage-a-lhorloge-du-clocher-lang\/lh_hommage_detail_skizzen-2\/","alt":"","author":"2","description":"","caption":"","name":"lh_hommage_detail_skizzen-2","status":"inherit","uploaded_to":7153,"date":"2023-05-11 12:17:20","modified":"2023-05-11 12:17:20","menu_order":0,"mime_type":"image\/jpeg","type":"image","subtype":"jpeg","icon":"https:\/\/luh.zzagenturweb.de\/wp-includes\/images\/media\/default.png","width":1500,"height":960,"sizes":{"thumbnail":"https:\/\/luh.zzagenturweb.de\/dateien\/2023\/05\/LH_Hommage_Detail_Skizzen-150x150.jpg","thumbnail-width":150,"thumbnail-height":150,"medium":"https:\/\/luh.zzagenturweb.de\/dateien\/2023\/05\/LH_Hommage_Detail_Skizzen-300x192.jpg","medium-width":300,"medium-height":192,"medium_large":"https:\/\/luh.zzagenturweb.de\/dateien\/2023\/05\/LH_Hommage_Detail_Skizzen-768x492.jpg","medium_large-width":768,"medium_large-height":492,"large":"https:\/\/luh.zzagenturweb.de\/dateien\/2023\/05\/LH_Hommage_Detail_Skizzen-1024x655.jpg","large-width":1024,"large-height":655,"1536x1536":"https:\/\/luh.zzagenturweb.de\/dateien\/2023\/05\/LH_Hommage_Detail_Skizzen.jpg","1536x1536-width":1500,"1536x1536-height":960,"2048x2048":"https:\/\/luh.zzagenturweb.de\/dateien\/2023\/05\/LH_Hommage_Detail_Skizzen.jpg","2048x2048-width":1500,"2048x2048-height":960,"post-thumbnail":"https:\/\/luh.zzagenturweb.de\/dateien\/2023\/05\/LH_Hommage_Detail_Skizzen-150x150.jpg","post-thumbnail-width":150,"post-thumbnail-height":150,"wide":"https:\/\/luh.zzagenturweb.de\/dateien\/2023\/05\/LH_Hommage_Detail_Skizzen-1400x896.jpg","wide-width":1400,"wide-height":896}},"titel":"","beschreibung":"M. Schneider esquisse \u00e0 la main les d\u00e9tails de la conception du cadran"},{"bild":{"ID":7160,"id":7160,"title":"LH_Hommage_Detail_Rohzifferblatt","filename":"LH_Hommage_Detail_Rohzifferblatt.jpg","filesize":259844,"url":"https:\/\/luh.zzagenturweb.de\/dateien\/2023\/05\/LH_Hommage_Detail_Rohzifferblatt.jpg","link":"https:\/\/luh.zzagenturweb.de\/fr\/hommage-a-lhorloge-du-clocher-lang\/lh_hommage_detail_rohzifferblatt-2\/","alt":"","author":"2","description":"","caption":"","name":"lh_hommage_detail_rohzifferblatt-2","status":"inherit","uploaded_to":7153,"date":"2023-05-11 11:49:31","modified":"2023-05-11 11:49:31","menu_order":0,"mime_type":"image\/jpeg","type":"image","subtype":"jpeg","icon":"https:\/\/luh.zzagenturweb.de\/wp-includes\/images\/media\/default.png","width":1500,"height":960,"sizes":{"thumbnail":"https:\/\/luh.zzagenturweb.de\/dateien\/2023\/05\/LH_Hommage_Detail_Rohzifferblatt-150x150.jpg","thumbnail-width":150,"thumbnail-height":150,"medium":"https:\/\/luh.zzagenturweb.de\/dateien\/2023\/05\/LH_Hommage_Detail_Rohzifferblatt-300x192.jpg","medium-width":300,"medium-height":192,"medium_large":"https:\/\/luh.zzagenturweb.de\/dateien\/2023\/05\/LH_Hommage_Detail_Rohzifferblatt-768x492.jpg","medium_large-width":768,"medium_large-height":492,"large":"https:\/\/luh.zzagenturweb.de\/dateien\/2023\/05\/LH_Hommage_Detail_Rohzifferblatt-1024x655.jpg","large-width":1024,"large-height":655,"1536x1536":"https:\/\/luh.zzagenturweb.de\/dateien\/2023\/05\/LH_Hommage_Detail_Rohzifferblatt.jpg","1536x1536-width":1500,"1536x1536-height":960,"2048x2048":"https:\/\/luh.zzagenturweb.de\/dateien\/2023\/05\/LH_Hommage_Detail_Rohzifferblatt.jpg","2048x2048-width":1500,"2048x2048-height":960,"post-thumbnail":"https:\/\/luh.zzagenturweb.de\/dateien\/2023\/05\/LH_Hommage_Detail_Rohzifferblatt-150x150.jpg","post-thumbnail-width":150,"post-thumbnail-height":150,"wide":"https:\/\/luh.zzagenturweb.de\/dateien\/2023\/05\/LH_Hommage_Detail_Rohzifferblatt-1400x896.jpg","wide-width":1400,"wide-height":896}},"titel":"","beschreibung":"Le cadran brut est frais\u00e9 dans l'or et cuit deux fois."},{"bild":{"ID":7157,"id":7157,"title":"LH_Hommage_Detail_Emaillepulver","filename":"LH_Hommage_Detail_Emaillepulver.jpg","filesize":305078,"url":"https:\/\/luh.zzagenturweb.de\/dateien\/2023\/05\/LH_Hommage_Detail_Emaillepulver.jpg","link":"https:\/\/luh.zzagenturweb.de\/fr\/hommage-a-lhorloge-du-clocher-lang\/lh_hommage_detail_emaillepulver-2\/","alt":"","author":"2","description":"","caption":"","name":"lh_hommage_detail_emaillepulver-2","status":"inherit","uploaded_to":7153,"date":"2023-05-11 11:49:26","modified":"2023-05-11 11:49:26","menu_order":0,"mime_type":"image\/jpeg","type":"image","subtype":"jpeg","icon":"https:\/\/luh.zzagenturweb.de\/wp-includes\/images\/media\/default.png","width":1500,"height":960,"sizes":{"thumbnail":"https:\/\/luh.zzagenturweb.de\/dateien\/2023\/05\/LH_Hommage_Detail_Emaillepulver-150x150.jpg","thumbnail-width":150,"thumbnail-height":150,"medium":"https:\/\/luh.zzagenturweb.de\/dateien\/2023\/05\/LH_Hommage_Detail_Emaillepulver-300x192.jpg","medium-width":300,"medium-height":192,"medium_large":"https:\/\/luh.zzagenturweb.de\/dateien\/2023\/05\/LH_Hommage_Detail_Emaillepulver-768x492.jpg","medium_large-width":768,"medium_large-height":492,"large":"https:\/\/luh.zzagenturweb.de\/dateien\/2023\/05\/LH_Hommage_Detail_Emaillepulver-1024x655.jpg","large-width":1024,"large-height":655,"1536x1536":"https:\/\/luh.zzagenturweb.de\/dateien\/2023\/05\/LH_Hommage_Detail_Emaillepulver.jpg","1536x1536-width":1500,"1536x1536-height":960,"2048x2048":"https:\/\/luh.zzagenturweb.de\/dateien\/2023\/05\/LH_Hommage_Detail_Emaillepulver.jpg","2048x2048-width":1500,"2048x2048-height":960,"post-thumbnail":"https:\/\/luh.zzagenturweb.de\/dateien\/2023\/05\/LH_Hommage_Detail_Emaillepulver-150x150.jpg","post-thumbnail-width":150,"post-thumbnail-height":150,"wide":"https:\/\/luh.zzagenturweb.de\/dateien\/2023\/05\/LH_Hommage_Detail_Emaillepulver-1400x896.jpg","wide-width":1400,"wide-height":896}},"titel":"","beschreibung":"L'\u00e9mail brut est r\u00e9duit en poudre fine \u00e0 la main"},{"bild":{"ID":7159,"id":7159,"title":"LH_Hommage_Detail_Emaille-verteilen2","filename":"LH_Hommage_Detail_Emaille-verteilen2.jpg","filesize":251595,"url":"https:\/\/luh.zzagenturweb.de\/dateien\/2023\/05\/LH_Hommage_Detail_Emaille-verteilen2.jpg","link":"https:\/\/luh.zzagenturweb.de\/fr\/hommage-a-lhorloge-du-clocher-lang\/lh_hommage_detail_emaille-verteilen2-2\/","alt":"","author":"2","description":"","caption":"","name":"lh_hommage_detail_emaille-verteilen2-2","status":"inherit","uploaded_to":7153,"date":"2023-05-11 11:49:30","modified":"2023-05-11 11:49:30","menu_order":0,"mime_type":"image\/jpeg","type":"image","subtype":"jpeg","icon":"https:\/\/luh.zzagenturweb.de\/wp-includes\/images\/media\/default.png","width":1500,"height":960,"sizes":{"thumbnail":"https:\/\/luh.zzagenturweb.de\/dateien\/2023\/05\/LH_Hommage_Detail_Emaille-verteilen2-150x150.jpg","thumbnail-width":150,"thumbnail-height":150,"medium":"https:\/\/luh.zzagenturweb.de\/dateien\/2023\/05\/LH_Hommage_Detail_Emaille-verteilen2-300x192.jpg","medium-width":300,"medium-height":192,"medium_large":"https:\/\/luh.zzagenturweb.de\/dateien\/2023\/05\/LH_Hommage_Detail_Emaille-verteilen2-768x492.jpg","medium_large-width":768,"medium_large-height":492,"large":"https:\/\/luh.zzagenturweb.de\/dateien\/2023\/05\/LH_Hommage_Detail_Emaille-verteilen2-1024x655.jpg","large-width":1024,"large-height":655,"1536x1536":"https:\/\/luh.zzagenturweb.de\/dateien\/2023\/05\/LH_Hommage_Detail_Emaille-verteilen2.jpg","1536x1536-width":1500,"1536x1536-height":960,"2048x2048":"https:\/\/luh.zzagenturweb.de\/dateien\/2023\/05\/LH_Hommage_Detail_Emaille-verteilen2.jpg","2048x2048-width":1500,"2048x2048-height":960,"post-thumbnail":"https:\/\/luh.zzagenturweb.de\/dateien\/2023\/05\/LH_Hommage_Detail_Emaille-verteilen2-150x150.jpg","post-thumbnail-width":150,"post-thumbnail-height":150,"wide":"https:\/\/luh.zzagenturweb.de\/dateien\/2023\/05\/LH_Hommage_Detail_Emaille-verteilen2-1400x896.jpg","wide-width":1400,"wide-height":896}},"titel":"","beschreibung":"Tous les espaces sont soigneusement recouverts de verre"},{"bild":{"ID":7156,"id":7156,"title":"LH_Hommage_Detail_Brennen","filename":"LH_Hommage_Detail_Brennen.jpg","filesize":238196,"url":"https:\/\/luh.zzagenturweb.de\/dateien\/2023\/05\/LH_Hommage_Detail_Brennen.jpg","link":"https:\/\/luh.zzagenturweb.de\/fr\/hommage-a-lhorloge-du-clocher-lang\/lh_hommage_detail_brennen-2\/","alt":"","author":"2","description":"","caption":"","name":"lh_hommage_detail_brennen-2","status":"inherit","uploaded_to":7153,"date":"2023-05-11 11:49:24","modified":"2023-05-11 11:49:24","menu_order":0,"mime_type":"image\/jpeg","type":"image","subtype":"jpeg","icon":"https:\/\/luh.zzagenturweb.de\/wp-includes\/images\/media\/default.png","width":1500,"height":960,"sizes":{"thumbnail":"https:\/\/luh.zzagenturweb.de\/dateien\/2023\/05\/LH_Hommage_Detail_Brennen-150x150.jpg","thumbnail-width":150,"thumbnail-height":150,"medium":"https:\/\/luh.zzagenturweb.de\/dateien\/2023\/05\/LH_Hommage_Detail_Brennen-300x192.jpg","medium-width":300,"medium-height":192,"medium_large":"https:\/\/luh.zzagenturweb.de\/dateien\/2023\/05\/LH_Hommage_Detail_Brennen-768x492.jpg","medium_large-width":768,"medium_large-height":492,"large":"https:\/\/luh.zzagenturweb.de\/dateien\/2023\/05\/LH_Hommage_Detail_Brennen-1024x655.jpg","large-width":1024,"large-height":655,"1536x1536":"https:\/\/luh.zzagenturweb.de\/dateien\/2023\/05\/LH_Hommage_Detail_Brennen.jpg","1536x1536-width":1500,"1536x1536-height":960,"2048x2048":"https:\/\/luh.zzagenturweb.de\/dateien\/2023\/05\/LH_Hommage_Detail_Brennen.jpg","2048x2048-width":1500,"2048x2048-height":960,"post-thumbnail":"https:\/\/luh.zzagenturweb.de\/dateien\/2023\/05\/LH_Hommage_Detail_Brennen-150x150.jpg","post-thumbnail-width":150,"post-thumbnail-height":150,"wide":"https:\/\/luh.zzagenturweb.de\/dateien\/2023\/05\/LH_Hommage_Detail_Brennen-1400x896.jpg","wide-width":1400,"wide-height":896}},"titel":"","beschreibung":"Les corps en verre se fondent en une surface brillante"},{"bild":{"ID":7161,"id":7161,"title":"LH_Hommage_Detail_Fertiges-Zifferblatt","filename":"LH_Hommage_Detail_Fertiges-Zifferblatt.jpg","filesize":380480,"url":"https:\/\/luh.zzagenturweb.de\/dateien\/2023\/05\/LH_Hommage_Detail_Fertiges-Zifferblatt.jpg","link":"https:\/\/luh.zzagenturweb.de\/fr\/hommage-a-lhorloge-du-clocher-lang\/lh_hommage_detail_fertiges-zifferblatt-2\/","alt":"","author":"2","description":"","caption":"","name":"lh_hommage_detail_fertiges-zifferblatt-2","status":"inherit","uploaded_to":7153,"date":"2023-05-11 11:54:02","modified":"2023-05-11 11:54:02","menu_order":0,"mime_type":"image\/jpeg","type":"image","subtype":"jpeg","icon":"https:\/\/luh.zzagenturweb.de\/wp-includes\/images\/media\/default.png","width":1500,"height":960,"sizes":{"thumbnail":"https:\/\/luh.zzagenturweb.de\/dateien\/2023\/05\/LH_Hommage_Detail_Fertiges-Zifferblatt-150x150.jpg","thumbnail-width":150,"thumbnail-height":150,"medium":"https:\/\/luh.zzagenturweb.de\/dateien\/2023\/05\/LH_Hommage_Detail_Fertiges-Zifferblatt-300x192.jpg","medium-width":300,"medium-height":192,"medium_large":"https:\/\/luh.zzagenturweb.de\/dateien\/2023\/05\/LH_Hommage_Detail_Fertiges-Zifferblatt-768x492.jpg","medium_large-width":768,"medium_large-height":492,"large":"https:\/\/luh.zzagenturweb.de\/dateien\/2023\/05\/LH_Hommage_Detail_Fertiges-Zifferblatt-1024x655.jpg","large-width":1024,"large-height":655,"1536x1536":"https:\/\/luh.zzagenturweb.de\/dateien\/2023\/05\/LH_Hommage_Detail_Fertiges-Zifferblatt.jpg","1536x1536-width":1500,"1536x1536-height":960,"2048x2048":"https:\/\/luh.zzagenturweb.de\/dateien\/2023\/05\/LH_Hommage_Detail_Fertiges-Zifferblatt.jpg","2048x2048-width":1500,"2048x2048-height":960,"post-thumbnail":"https:\/\/luh.zzagenturweb.de\/dateien\/2023\/05\/LH_Hommage_Detail_Fertiges-Zifferblatt-150x150.jpg","post-thumbnail-width":150,"post-thumbnail-height":150,"wide":"https:\/\/luh.zzagenturweb.de\/dateien\/2023\/05\/LH_Hommage_Detail_Fertiges-Zifferblatt-1400x896.jpg","wide-width":1400,"wide-height":896}},"titel":"","beschreibung":"Cadran termin\u00e9 apr\u00e8s plusieurs cuissons et polissages"}],"smallwidth":true}],"slide":false},"wpml_current_locale":"fr_FR","wpml_translations":{"en_US":{"locale":"en_US","id":5981,"slug":"homage-to-the-tower-clock","post_title":"Homage to the Tower Clock","href":"https:\/\/luh.zzagenturweb.de\/en\/homage-to-the-tower-clock\/"},"de_DE":{"locale":"de_DE","id":2325,"slug":"hommage-an-die-kirchturmuhr","post_title":"Hommage an die Kirchturmuhr - Lang","href":"https:\/\/luh.zzagenturweb.de\/hommage-an-die-kirchturmuhr\/"},"es_ES":{"locale":"es_ES","id":7163,"slug":"homenaje-al-reloj-de-la-iglesia-largo","post_title":"Homenaje al reloj de la iglesia - Largo","href":"https:\/\/luh.zzagenturweb.de\/es\/homenaje-al-reloj-de-la-iglesia-largo\/"},"ja":{"locale":"ja","id":6242,"slug":"homage-to-the-tower-clock","post_title":"\u6559\u4f1a\u5854\u6642\u8a08\u3078\u306e\u30aa\u30de\u30fc\u30b8\u30e5","href":"https:\/\/luh.zzagenturweb.de\/ja\/homage-to-the-tower-clock\/"},"zh_CN":{"locale":"zh_CN","id":6241,"slug":"homage-to-the-tower-clock","post_title":"\u5411\u6559\u5802\u949f\u8868\u81f4\u656c","href":"https:\/\/luh.zzagenturweb.de\/zh-hans\/homage-to-the-tower-clock\/"}},"_links":{"self":[{"href":"https:\/\/luh.zzagenturweb.de\/fr\/wp-json\/wp\/v2\/pages\/7153","targetHints":{"allow":["GET"]}}],"collection":[{"href":"https:\/\/luh.zzagenturweb.de\/fr\/wp-json\/wp\/v2\/pages"}],"about":[{"href":"https:\/\/luh.zzagenturweb.de\/fr\/wp-json\/wp\/v2\/types\/page"}],"author":[{"embeddable":true,"href":"https:\/\/luh.zzagenturweb.de\/fr\/wp-json\/wp\/v2\/users\/2"}],"replies":[{"embeddable":true,"href":"https:\/\/luh.zzagenturweb.de\/fr\/wp-json\/wp\/v2\/comments?post=7153"}],"version-history":[{"count":0,"href":"https:\/\/luh.zzagenturweb.de\/fr\/wp-json\/wp\/v2\/pages\/7153\/revisions"}],"wp:attachment":[{"href":"https:\/\/luh.zzagenturweb.de\/fr\/wp-json\/wp\/v2\/media?parent=7153"}],"curies":[{"name":"wp","href":"https:\/\/api.w.org\/{rel}","templated":true}]}}