{"id":7843,"date":"2022-11-02T15:53:59","date_gmt":"2022-11-02T14:53:59","guid":{"rendered":"https:\/\/www.lang-und-heyne.de\/coleccion\/"},"modified":"2026-04-17T15:38:00","modified_gmt":"2026-04-17T13:38:00","slug":"coleccion","status":"publish","type":"page","link":"https:\/\/luh.zzagenturweb.de\/es\/coleccion\/","title":{"rendered":"Colecci\u00f3n"},"content":{"rendered":"","protected":false},"excerpt":{"rendered":"","protected":false},"author":1,"featured_media":0,"parent":0,"menu_order":173,"comment_status":"closed","ping_status":"closed","template":"page-collection.php","meta":{"_acf_changed":false,"footnotes":""},"class_list":["post-7843","page","type-page","status-publish","hentry"],"acf":{"slide":[{"bild__video":false,"bild":{"ID":7844,"id":7844,"title":"madonna","filename":"madonna.png","filesize":2756243,"url":"https:\/\/luh.zzagenturweb.de\/dateien\/2022\/11\/madonna.png","link":"https:\/\/luh.zzagenturweb.de\/es\/coleccion\/madonna-2\/","alt":"","author":"1","description":"","caption":"","name":"madonna-2","status":"inherit","uploaded_to":7843,"date":"2022-11-06 12:45:01","modified":"2022-11-06 12:45:01","menu_order":0,"mime_type":"image\/png","type":"image","subtype":"png","icon":"https:\/\/luh.zzagenturweb.de\/wp-includes\/images\/media\/default.png","width":1920,"height":950,"sizes":{"thumbnail":"https:\/\/luh.zzagenturweb.de\/dateien\/2022\/11\/madonna-150x150.png","thumbnail-width":150,"thumbnail-height":150,"medium":"https:\/\/luh.zzagenturweb.de\/dateien\/2022\/11\/madonna-300x148.png","medium-width":300,"medium-height":148,"medium_large":"https:\/\/luh.zzagenturweb.de\/dateien\/2022\/11\/madonna-768x380.png","medium_large-width":768,"medium_large-height":380,"large":"https:\/\/luh.zzagenturweb.de\/dateien\/2022\/11\/madonna-1024x507.png","large-width":1024,"large-height":507,"1536x1536":"https:\/\/luh.zzagenturweb.de\/dateien\/2022\/11\/madonna-1536x760.png","1536x1536-width":1536,"1536x1536-height":760,"2048x2048":"https:\/\/luh.zzagenturweb.de\/dateien\/2022\/11\/madonna.png","2048x2048-width":1920,"2048x2048-height":950,"post-thumbnail":"https:\/\/luh.zzagenturweb.de\/dateien\/2022\/11\/madonna-150x150.png","post-thumbnail-width":150,"post-thumbnail-height":150,"wide":"https:\/\/luh.zzagenturweb.de\/dateien\/2022\/11\/madonna-1400x693.png","wide-width":1400,"wide-height":693}},"video":{"ID":7853,"id":7853,"title":"LH_Intro_Kollektion","filename":"LH_Intro_Kollektion.mp4","filesize":3083362,"url":"https:\/\/luh.zzagenturweb.de\/dateien\/2024\/02\/LH_Intro_Kollektion.mp4","link":"https:\/\/luh.zzagenturweb.de\/es\/coleccion\/lh_intro_kollektion-2\/","alt":"","author":"5","description":"","caption":"","name":"lh_intro_kollektion-2","status":"inherit","uploaded_to":7843,"date":"2024-02-28 09:52:20","modified":"2024-02-28 09:52:20","menu_order":0,"mime_type":"video\/mp4","type":"video","subtype":"mp4","icon":"https:\/\/luh.zzagenturweb.de\/wp-includes\/images\/media\/video.png","width":1280,"height":720},"texte":{"text":"Colecci\u00f3n<br \/>\nFabricada en Sajonia.","subline":""}}],"modelle":{"header":"Modelos de la Colecci\u00f3n","text":"Los modelos de la colecci\u00f3n forman el n\u00facleo actual de Lang & Heyne. Cada l\u00ednea sigue su propio dise\u00f1o e idea t\u00e9cnica, pero sigue comprometida con sus or\u00edgenes de Dresde, su clara legibilidad y su artesan\u00eda. "},"editionen":{"header":"Ediciones Limitadas","text":"En los talleres de Lang & Heyne surgen constantemente ideas que van m\u00e1s all\u00e1 del dise\u00f1o est\u00e1ndar de un modelo. Materiales diferentes, esferas especiales y sofisticados m\u00e9todos de fabricaci\u00f3n abren nuevas posibilidades t\u00e9cnicas y de dise\u00f1o. A partir de conceptos seleccionados se crean ediciones limitadas con un car\u00e1cter \u00fanico.  "},"sonderanfertigungen":{"header":"Archivo de Dise\u00f1os Especiales","text":"Las ediciones anteriores y los modelos personalizados muestran lo diferente que puede interpretarse una l\u00ednea de modelos. Los siguientes ejemplos ofrecen una visi\u00f3n de los materiales, esferas y detalles especiales que se han realizado en versiones limitadas o individuales. \n\nLos ejemplos ofrecen una visi\u00f3n de los materiales, esferas, grabados y detalles que se realizaron en proyectos especiales.","bild":{"ID":7849,"id":7849,"title":"LH_Augustus_2","filename":"LH_Augustus_2.jpg","filesize":224993,"url":"https:\/\/luh.zzagenturweb.de\/dateien\/2023\/05\/LH_Augustus_2.jpg","link":"https:\/\/luh.zzagenturweb.de\/es\/coleccion\/lh_augustus_2-2\/","alt":"","author":"2","description":"","caption":"","name":"lh_augustus_2-2","status":"inherit","uploaded_to":7843,"date":"2023-05-11 08:23:49","modified":"2023-05-11 08:23:49","menu_order":0,"mime_type":"image\/jpeg","type":"image","subtype":"jpeg","icon":"https:\/\/luh.zzagenturweb.de\/wp-includes\/images\/media\/default.png","width":1000,"height":705,"sizes":{"thumbnail":"https:\/\/luh.zzagenturweb.de\/dateien\/2023\/05\/LH_Augustus_2-150x150.jpg","thumbnail-width":150,"thumbnail-height":150,"medium":"https:\/\/luh.zzagenturweb.de\/dateien\/2023\/05\/LH_Augustus_2-300x212.jpg","medium-width":300,"medium-height":212,"medium_large":"https:\/\/luh.zzagenturweb.de\/dateien\/2023\/05\/LH_Augustus_2-768x541.jpg","medium_large-width":768,"medium_large-height":541,"large":"https:\/\/luh.zzagenturweb.de\/dateien\/2023\/05\/LH_Augustus_2.jpg","large-width":1000,"large-height":705,"1536x1536":"https:\/\/luh.zzagenturweb.de\/dateien\/2023\/05\/LH_Augustus_2.jpg","1536x1536-width":1000,"1536x1536-height":705,"2048x2048":"https:\/\/luh.zzagenturweb.de\/dateien\/2023\/05\/LH_Augustus_2.jpg","2048x2048-width":1000,"2048x2048-height":705,"post-thumbnail":"https:\/\/luh.zzagenturweb.de\/dateien\/2023\/05\/LH_Augustus_2-150x150.jpg","post-thumbnail-width":150,"post-thumbnail-height":150,"wide":"https:\/\/luh.zzagenturweb.de\/dateien\/2023\/05\/LH_Augustus_2.jpg","wide-width":1000,"wide-height":705}},"linktext":"Ver archivo","target":"https:\/\/luh.zzagenturweb.de\/es\/productos-personalizados\/"},"akzente":{"header":"Dise\u00f1a Una Pieza \u00daNica","text":"En relojer\u00eda, las piezas \u00fanicas son la disciplina suprema de la artesan\u00eda consumada y la maestr\u00eda. Lang & Heyne abre espacio al dise\u00f1o y ofrece una amplia gama de t\u00e9cnicas artesanales para la realizaci\u00f3n de deseos personales en ocasiones especiales. ","bild":{"ID":7375,"id":7375,"title":"LH_Moritz_Schwarz_Detail","filename":"LH_Moritz_Schwarz_Detail.jpg","filesize":281853,"url":"https:\/\/luh.zzagenturweb.de\/dateien\/2023\/05\/LH_Moritz_Schwarz_Detail.jpg","link":"https:\/\/luh.zzagenturweb.de\/es\/acentos\/lh_moritz_schwarz_detail-2\/","alt":"","author":"2","description":"","caption":"","name":"lh_moritz_schwarz_detail-2","status":"inherit","uploaded_to":7346,"date":"2023-05-30 09:54:55","modified":"2023-05-30 09:54:55","menu_order":0,"mime_type":"image\/jpeg","type":"image","subtype":"jpeg","icon":"https:\/\/luh.zzagenturweb.de\/wp-includes\/images\/media\/default.png","width":1000,"height":705,"sizes":{"thumbnail":"https:\/\/luh.zzagenturweb.de\/dateien\/2023\/05\/LH_Moritz_Schwarz_Detail-150x150.jpg","thumbnail-width":150,"thumbnail-height":150,"medium":"https:\/\/luh.zzagenturweb.de\/dateien\/2023\/05\/LH_Moritz_Schwarz_Detail-300x212.jpg","medium-width":300,"medium-height":212,"medium_large":"https:\/\/luh.zzagenturweb.de\/dateien\/2023\/05\/LH_Moritz_Schwarz_Detail-768x541.jpg","medium_large-width":768,"medium_large-height":541,"large":"https:\/\/luh.zzagenturweb.de\/dateien\/2023\/05\/LH_Moritz_Schwarz_Detail.jpg","large-width":1000,"large-height":705,"1536x1536":"https:\/\/luh.zzagenturweb.de\/dateien\/2023\/05\/LH_Moritz_Schwarz_Detail.jpg","1536x1536-width":1000,"1536x1536-height":705,"2048x2048":"https:\/\/luh.zzagenturweb.de\/dateien\/2023\/05\/LH_Moritz_Schwarz_Detail.jpg","2048x2048-width":1000,"2048x2048-height":705,"post-thumbnail":"https:\/\/luh.zzagenturweb.de\/dateien\/2023\/05\/LH_Moritz_Schwarz_Detail-150x150.jpg","post-thumbnail-width":150,"post-thumbnail-height":150,"wide":"https:\/\/luh.zzagenturweb.de\/dateien\/2023\/05\/LH_Moritz_Schwarz_Detail.jpg","wide-width":1000,"wide-height":705}},"linktext":"Opciones de personalizaci\u00f3n","target":"https:\/\/luh.zzagenturweb.de\/es\/acentos\/"},"start":[{"acf_fc_layout":"textbild","header":"Patrona","anchor":false,"order":false,"bigtext":false,"bild":{"ID":7851,"id":7851,"title":"LH-Kachel-Fuerstenzug-Neu1","filename":"LH-Kachel-Fuerstenzug-Neu1.jpg","filesize":377511,"url":"https:\/\/luh.zzagenturweb.de\/dateien\/2023\/05\/LH-Kachel-Fuerstenzug-Neu1.jpg","link":"https:\/\/luh.zzagenturweb.de\/es\/coleccion\/lh-kachel-fuerstenzug-neu1-2\/","alt":"","author":"2","description":"F\u00fcrstenzug Dresden, Wandmosaik mit S\u00e4chsischen F\u00fcrsten, Namenspatrone Lang & Heyne Uhren Modelle, Copyright: Martina Berg \u00fcber Adobe Stock","caption":"F\u00fcrstenzug Dresden, Copyright: Martina Berg \u00fcber Adobe Stock","name":"lh-kachel-fuerstenzug-neu1-2","status":"inherit","uploaded_to":7843,"date":"2023-05-16 07:46:20","modified":"2023-05-16 07:46:20","menu_order":0,"mime_type":"image\/jpeg","type":"image","subtype":"jpeg","icon":"https:\/\/luh.zzagenturweb.de\/wp-includes\/images\/media\/default.png","width":1000,"height":540,"sizes":{"thumbnail":"https:\/\/luh.zzagenturweb.de\/dateien\/2023\/05\/LH-Kachel-Fuerstenzug-Neu1-150x150.jpg","thumbnail-width":150,"thumbnail-height":150,"medium":"https:\/\/luh.zzagenturweb.de\/dateien\/2023\/05\/LH-Kachel-Fuerstenzug-Neu1-300x162.jpg","medium-width":300,"medium-height":162,"medium_large":"https:\/\/luh.zzagenturweb.de\/dateien\/2023\/05\/LH-Kachel-Fuerstenzug-Neu1-768x415.jpg","medium_large-width":768,"medium_large-height":415,"large":"https:\/\/luh.zzagenturweb.de\/dateien\/2023\/05\/LH-Kachel-Fuerstenzug-Neu1.jpg","large-width":1000,"large-height":540,"1536x1536":"https:\/\/luh.zzagenturweb.de\/dateien\/2023\/05\/LH-Kachel-Fuerstenzug-Neu1.jpg","1536x1536-width":1000,"1536x1536-height":540,"2048x2048":"https:\/\/luh.zzagenturweb.de\/dateien\/2023\/05\/LH-Kachel-Fuerstenzug-Neu1.jpg","2048x2048-width":1000,"2048x2048-height":540,"post-thumbnail":"https:\/\/luh.zzagenturweb.de\/dateien\/2023\/05\/LH-Kachel-Fuerstenzug-Neu1-150x150.jpg","post-thumbnail-width":150,"post-thumbnail-height":150,"wide":"https:\/\/luh.zzagenturweb.de\/dateien\/2023\/05\/LH-Kachel-Fuerstenzug-Neu1.jpg","wide-width":1000,"wide-height":540}},"sub":"Desfile de pr\u00edncipes en Dresde","text":"La colecci\u00f3n Lang & Heyne es sin\u00f3nimo de relojer\u00eda mec\u00e1nica de Dresde, calibres de manufactura acabados a mano y un lenguaje de dise\u00f1o claro e independiente. Los nombres de sus modelos llevan los nombres de reyes y electores sajones. As\u00ed hacen referencia al origen de la marca y a Dresde como punto de partida hist\u00f3rico de la relojer\u00eda sajona.  ","link":"Descubre la historia de Dresde","target":"https:\/\/luh.zzagenturweb.de\/es\/historia\/","zusatzbild":false,"bild2":false,"ausrichtung":false,"sub2":""}]},"wpml_current_locale":"es_ES","wpml_translations":{"en_US":{"locale":"en_US","id":3035,"slug":"collection","post_title":"Collection","href":"https:\/\/luh.zzagenturweb.de\/en\/collection\/"},"de_DE":{"locale":"de_DE","id":81,"slug":"kollektion","post_title":"Kollektion","href":"https:\/\/luh.zzagenturweb.de\/kollektion\/"},"fr_FR":{"locale":"fr_FR","id":7832,"slug":"collection","post_title":"Collection","href":"https:\/\/luh.zzagenturweb.de\/fr\/collection\/"},"ja":{"locale":"ja","id":3076,"slug":"collection","post_title":"\u30b3\u30ec\u30af\u30b7\u30e7\u30f3","href":"https:\/\/luh.zzagenturweb.de\/ja\/collection\/"},"zh_CN":{"locale":"zh_CN","id":3533,"slug":"collection","post_title":"\u6536\u85cf\u54c1","href":"https:\/\/luh.zzagenturweb.de\/zh-hans\/collection\/"}},"_links":{"self":[{"href":"https:\/\/luh.zzagenturweb.de\/es\/wp-json\/wp\/v2\/pages\/7843","targetHints":{"allow":["GET"]}}],"collection":[{"href":"https:\/\/luh.zzagenturweb.de\/es\/wp-json\/wp\/v2\/pages"}],"about":[{"href":"https:\/\/luh.zzagenturweb.de\/es\/wp-json\/wp\/v2\/types\/page"}],"author":[{"embeddable":true,"href":"https:\/\/luh.zzagenturweb.de\/es\/wp-json\/wp\/v2\/users\/1"}],"replies":[{"embeddable":true,"href":"https:\/\/luh.zzagenturweb.de\/es\/wp-json\/wp\/v2\/comments?post=7843"}],"version-history":[{"count":1,"href":"https:\/\/luh.zzagenturweb.de\/es\/wp-json\/wp\/v2\/pages\/7843\/revisions"}],"predecessor-version":[{"id":10119,"href":"https:\/\/luh.zzagenturweb.de\/es\/wp-json\/wp\/v2\/pages\/7843\/revisions\/10119"}],"wp:attachment":[{"href":"https:\/\/luh.zzagenturweb.de\/es\/wp-json\/wp\/v2\/media?parent=7843"}],"curies":[{"name":"wp","href":"https:\/\/api.w.org\/{rel}","templated":true}]}}