{"id":7608,"date":"2023-08-24T15:42:20","date_gmt":"2023-08-24T13:42:20","guid":{"rendered":"https:\/\/www.lang-und-heyne.de\/artesania\/idea\/"},"modified":"2023-08-24T15:42:20","modified_gmt":"2023-08-24T13:42:20","slug":"idea","status":"publish","type":"page","link":"https:\/\/luh.zzagenturweb.de\/es\/artesania\/idea\/","title":{"rendered":"Idea"},"content":{"rendered":"","protected":false},"excerpt":{"rendered":"","protected":false},"author":5,"featured_media":0,"parent":7552,"menu_order":30,"comment_status":"closed","ping_status":"closed","template":"","meta":{"_acf_changed":false,"footnotes":""},"class_list":["post-7608","page","type-page","status-publish","hentry"],"acf":{"start":[{"acf_fc_layout":"textbild","header":"Idea Y Dise\u00f1o","anchor":true,"order":false,"bigtext":false,"bild":{"ID":7616,"id":7616,"title":"LH_Kachel_Idee","filename":"LH_Kachel_Idee.jpg","filesize":395593,"url":"https:\/\/luh.zzagenturweb.de\/dateien\/2024\/03\/LH_Kachel_Idee.jpg","link":"https:\/\/luh.zzagenturweb.de\/es\/artesania\/idea\/lh_kachel_idee-2\/","alt":"","author":"5","description":"","caption":"","name":"lh_kachel_idee-2","status":"inherit","uploaded_to":7608,"date":"2024-03-08 20:42:24","modified":"2024-03-08 20:42:24","menu_order":0,"mime_type":"image\/jpeg","type":"image","subtype":"jpeg","icon":"https:\/\/luh.zzagenturweb.de\/wp-includes\/images\/media\/default.png","width":1000,"height":640,"sizes":{"thumbnail":"https:\/\/luh.zzagenturweb.de\/dateien\/2024\/03\/LH_Kachel_Idee-150x150.jpg","thumbnail-width":150,"thumbnail-height":150,"medium":"https:\/\/luh.zzagenturweb.de\/dateien\/2024\/03\/LH_Kachel_Idee-300x192.jpg","medium-width":300,"medium-height":192,"medium_large":"https:\/\/luh.zzagenturweb.de\/dateien\/2024\/03\/LH_Kachel_Idee-768x492.jpg","medium_large-width":768,"medium_large-height":492,"large":"https:\/\/luh.zzagenturweb.de\/dateien\/2024\/03\/LH_Kachel_Idee.jpg","large-width":1000,"large-height":640,"1536x1536":"https:\/\/luh.zzagenturweb.de\/dateien\/2024\/03\/LH_Kachel_Idee.jpg","1536x1536-width":1000,"1536x1536-height":640,"2048x2048":"https:\/\/luh.zzagenturweb.de\/dateien\/2024\/03\/LH_Kachel_Idee.jpg","2048x2048-width":1000,"2048x2048-height":640,"post-thumbnail":"https:\/\/luh.zzagenturweb.de\/dateien\/2024\/03\/LH_Kachel_Idee-150x150.jpg","post-thumbnail-width":150,"post-thumbnail-height":150,"wide":"https:\/\/luh.zzagenturweb.de\/dateien\/2024\/03\/LH_Kachel_Idee.jpg","wide-width":1000,"wide-height":640}},"sub":"","text":"La creaci\u00f3n de un reloj es como la composici\u00f3n de una orquesta. Como m\u00fasicos de distintos instrumentos, combinamos tradici\u00f3n, innovaci\u00f3n y funcionalidad en una idea creativa.  Al igual que un director de orquesta que forma una obra armoniosa a partir de diferentes colores tonales, nosotros combinamos lo probado con lo nuevo. Como notas sobre el papel, los bocetos t\u00e9cnicos constituyen la base a partir de la cual se crea una obra maestra. La belleza y la funci\u00f3n juegan a la vez para crear un dise\u00f1o que sea a la vez est\u00e9tico y funcional. Cada dibujo es como una partitura musical que capta cada detalle para garantizar una realizaci\u00f3n perfecta.  ","link":"","target":"","zusatzbild":false,"bild2":false,"ausrichtung":false,"sub2":""},{"acf_fc_layout":"textbild","header":"Dise\u00f1o","anchor":true,"order":true,"bigtext":false,"bild":{"ID":7612,"id":7612,"title":"LH_Kachel_Idee-Design","filename":"LH_Kachel_Idee-Design.jpg","filesize":334630,"url":"https:\/\/luh.zzagenturweb.de\/dateien\/2024\/01\/LH_Kachel_Idee-Design.jpg","link":"https:\/\/luh.zzagenturweb.de\/es\/artesania\/idea\/lh_kachel_idee-design-2\/","alt":"","author":"5","description":"","caption":"","name":"lh_kachel_idee-design-2","status":"inherit","uploaded_to":7608,"date":"2024-01-30 08:18:34","modified":"2024-01-30 08:18:34","menu_order":0,"mime_type":"image\/jpeg","type":"image","subtype":"jpeg","icon":"https:\/\/luh.zzagenturweb.de\/wp-includes\/images\/media\/default.png","width":1000,"height":640,"sizes":{"thumbnail":"https:\/\/luh.zzagenturweb.de\/dateien\/2024\/01\/LH_Kachel_Idee-Design-150x150.jpg","thumbnail-width":150,"thumbnail-height":150,"medium":"https:\/\/luh.zzagenturweb.de\/dateien\/2024\/01\/LH_Kachel_Idee-Design-300x192.jpg","medium-width":300,"medium-height":192,"medium_large":"https:\/\/luh.zzagenturweb.de\/dateien\/2024\/01\/LH_Kachel_Idee-Design-768x492.jpg","medium_large-width":768,"medium_large-height":492,"large":"https:\/\/luh.zzagenturweb.de\/dateien\/2024\/01\/LH_Kachel_Idee-Design.jpg","large-width":1000,"large-height":640,"1536x1536":"https:\/\/luh.zzagenturweb.de\/dateien\/2024\/01\/LH_Kachel_Idee-Design.jpg","1536x1536-width":1000,"1536x1536-height":640,"2048x2048":"https:\/\/luh.zzagenturweb.de\/dateien\/2024\/01\/LH_Kachel_Idee-Design.jpg","2048x2048-width":1000,"2048x2048-height":640,"post-thumbnail":"https:\/\/luh.zzagenturweb.de\/dateien\/2024\/01\/LH_Kachel_Idee-Design-150x150.jpg","post-thumbnail-width":150,"post-thumbnail-height":150,"wide":"https:\/\/luh.zzagenturweb.de\/dateien\/2024\/01\/LH_Kachel_Idee-Design.jpg","wide-width":1000,"wide-height":640}},"sub":"","text":"La simbiosis de dise\u00f1o y funci\u00f3n caracteriza el car\u00e1cter de nuestros relojes como una orquesta armoniosa. Cada componente confiere al reloj una belleza \u00fanica, mientras que los cambios de dise\u00f1o se estudian cuidadosamente para lograr la armon\u00eda ideal entre forma y funci\u00f3n. Una pieza de dimensiones \u00f3ptimas convence desde el punto de vista est\u00e9tico y funcional.  ","link":"","target":"","zusatzbild":false,"bild2":false,"ausrichtung":false,"sub2":""},{"acf_fc_layout":"textbild","header":"Dibujo","anchor":true,"order":false,"bigtext":false,"bild":{"ID":7613,"id":7613,"title":"LH_Kachel_Idee-Zeichnung","filename":"LH_Kachel_Idee-Zeichnung.jpg","filesize":387179,"url":"https:\/\/luh.zzagenturweb.de\/dateien\/2024\/01\/LH_Kachel_Idee-Zeichnung.jpg","link":"https:\/\/luh.zzagenturweb.de\/es\/artesania\/idea\/lh_kachel_idee-zeichnung-2\/","alt":"","author":"5","description":"","caption":"","name":"lh_kachel_idee-zeichnung-2","status":"inherit","uploaded_to":7608,"date":"2024-01-30 08:56:35","modified":"2024-01-30 08:56:35","menu_order":0,"mime_type":"image\/jpeg","type":"image","subtype":"jpeg","icon":"https:\/\/luh.zzagenturweb.de\/wp-includes\/images\/media\/default.png","width":1000,"height":640,"sizes":{"thumbnail":"https:\/\/luh.zzagenturweb.de\/dateien\/2024\/01\/LH_Kachel_Idee-Zeichnung-150x150.jpg","thumbnail-width":150,"thumbnail-height":150,"medium":"https:\/\/luh.zzagenturweb.de\/dateien\/2024\/01\/LH_Kachel_Idee-Zeichnung-300x192.jpg","medium-width":300,"medium-height":192,"medium_large":"https:\/\/luh.zzagenturweb.de\/dateien\/2024\/01\/LH_Kachel_Idee-Zeichnung-768x492.jpg","medium_large-width":768,"medium_large-height":492,"large":"https:\/\/luh.zzagenturweb.de\/dateien\/2024\/01\/LH_Kachel_Idee-Zeichnung.jpg","large-width":1000,"large-height":640,"1536x1536":"https:\/\/luh.zzagenturweb.de\/dateien\/2024\/01\/LH_Kachel_Idee-Zeichnung.jpg","1536x1536-width":1000,"1536x1536-height":640,"2048x2048":"https:\/\/luh.zzagenturweb.de\/dateien\/2024\/01\/LH_Kachel_Idee-Zeichnung.jpg","2048x2048-width":1000,"2048x2048-height":640,"post-thumbnail":"https:\/\/luh.zzagenturweb.de\/dateien\/2024\/01\/LH_Kachel_Idee-Zeichnung-150x150.jpg","post-thumbnail-width":150,"post-thumbnail-height":150,"wide":"https:\/\/luh.zzagenturweb.de\/dateien\/2024\/01\/LH_Kachel_Idee-Zeichnung.jpg","wide-width":1000,"wide-height":640}},"sub":"","text":"Igual que las notas de una partitura registran cada elemento de una pieza musical, nuestros dibujos captan con precisi\u00f3n cada detalle. Al igual que una orquesta perfectamente sincronizada bajo la direcci\u00f3n del director, garantizamos la coordinaci\u00f3n exacta de forma y funci\u00f3n. Cada dibujo es como la clave que marca el ritmo de un reloj. Registran cada desviaci\u00f3n y dimensi\u00f3n para garantizar la armon\u00eda durante la realizaci\u00f3n. Un conjunto completo de planos constituye la base para la producci\u00f3n y el montaje posteriores.    ","link":"","target":"","zusatzbild":false,"bild2":false,"ausrichtung":false,"sub2":""},{"acf_fc_layout":"textbild","header":"Tecnolog\u00eda","anchor":true,"order":true,"bigtext":false,"bild":{"ID":7614,"id":7614,"title":"LH_Kachel_Idee-Resultat","filename":"LH_Kachel_Idee-Resultat.jpg","filesize":398871,"url":"https:\/\/luh.zzagenturweb.de\/dateien\/2024\/01\/LH_Kachel_Idee-Resultat.jpg","link":"https:\/\/luh.zzagenturweb.de\/es\/artesania\/idea\/lh_kachel_idee-resultat-2\/","alt":"","author":"5","description":"","caption":"","name":"lh_kachel_idee-resultat-2","status":"inherit","uploaded_to":7608,"date":"2024-01-30 08:59:49","modified":"2024-01-30 08:59:49","menu_order":0,"mime_type":"image\/jpeg","type":"image","subtype":"jpeg","icon":"https:\/\/luh.zzagenturweb.de\/wp-includes\/images\/media\/default.png","width":1000,"height":640,"sizes":{"thumbnail":"https:\/\/luh.zzagenturweb.de\/dateien\/2024\/01\/LH_Kachel_Idee-Resultat-150x150.jpg","thumbnail-width":150,"thumbnail-height":150,"medium":"https:\/\/luh.zzagenturweb.de\/dateien\/2024\/01\/LH_Kachel_Idee-Resultat-300x192.jpg","medium-width":300,"medium-height":192,"medium_large":"https:\/\/luh.zzagenturweb.de\/dateien\/2024\/01\/LH_Kachel_Idee-Resultat-768x492.jpg","medium_large-width":768,"medium_large-height":492,"large":"https:\/\/luh.zzagenturweb.de\/dateien\/2024\/01\/LH_Kachel_Idee-Resultat.jpg","large-width":1000,"large-height":640,"1536x1536":"https:\/\/luh.zzagenturweb.de\/dateien\/2024\/01\/LH_Kachel_Idee-Resultat.jpg","1536x1536-width":1000,"1536x1536-height":640,"2048x2048":"https:\/\/luh.zzagenturweb.de\/dateien\/2024\/01\/LH_Kachel_Idee-Resultat.jpg","2048x2048-width":1000,"2048x2048-height":640,"post-thumbnail":"https:\/\/luh.zzagenturweb.de\/dateien\/2024\/01\/LH_Kachel_Idee-Resultat-150x150.jpg","post-thumbnail-width":150,"post-thumbnail-height":150,"wide":"https:\/\/luh.zzagenturweb.de\/dateien\/2024\/01\/LH_Kachel_Idee-Resultat.jpg","wide-width":1000,"wide-height":640}},"sub":"","text":"La realizaci\u00f3n de los dibujos requiere tecnolog\u00edas probadas y nuevos m\u00e9todos de trabajo. Se desarrollan y fabrican herramientas y dispositivos especializados, de forma similar al director de orquesta que coordina la variedad de sonidos. Los procesos documentados forman la partitura de la calidad y la coherencia. La perfecci\u00f3n puede requerir varios intentos hasta conseguir el resultado deseado.   ","link":"","target":"","zusatzbild":false,"bild2":false,"ausrichtung":false,"sub2":""},{"acf_fc_layout":"threeblocks","block":[{"header":"Las Piezas Brutas","bild":{"ID":7615,"id":7615,"title":"LH_Kachel-CNC","filename":"LH_Kachel-CNC.jpg","filesize":371314,"url":"https:\/\/luh.zzagenturweb.de\/dateien\/2024\/03\/LH_Kachel-CNC.jpg","link":"https:\/\/luh.zzagenturweb.de\/es\/artesania\/idea\/lh_kachel-cnc-2\/","alt":"","author":"5","description":"","caption":"","name":"lh_kachel-cnc-2","status":"inherit","uploaded_to":7608,"date":"2024-03-05 09:08:29","modified":"2024-03-05 09:08:29","menu_order":0,"mime_type":"image\/jpeg","type":"image","subtype":"jpeg","icon":"https:\/\/luh.zzagenturweb.de\/wp-includes\/images\/media\/default.png","width":1000,"height":640,"sizes":{"thumbnail":"https:\/\/luh.zzagenturweb.de\/dateien\/2024\/03\/LH_Kachel-CNC-150x150.jpg","thumbnail-width":150,"thumbnail-height":150,"medium":"https:\/\/luh.zzagenturweb.de\/dateien\/2024\/03\/LH_Kachel-CNC-300x192.jpg","medium-width":300,"medium-height":192,"medium_large":"https:\/\/luh.zzagenturweb.de\/dateien\/2024\/03\/LH_Kachel-CNC-768x492.jpg","medium_large-width":768,"medium_large-height":492,"large":"https:\/\/luh.zzagenturweb.de\/dateien\/2024\/03\/LH_Kachel-CNC.jpg","large-width":1000,"large-height":640,"1536x1536":"https:\/\/luh.zzagenturweb.de\/dateien\/2024\/03\/LH_Kachel-CNC.jpg","1536x1536-width":1000,"1536x1536-height":640,"2048x2048":"https:\/\/luh.zzagenturweb.de\/dateien\/2024\/03\/LH_Kachel-CNC.jpg","2048x2048-width":1000,"2048x2048-height":640,"post-thumbnail":"https:\/\/luh.zzagenturweb.de\/dateien\/2024\/03\/LH_Kachel-CNC-150x150.jpg","post-thumbnail-width":150,"post-thumbnail-height":150,"wide":"https:\/\/luh.zzagenturweb.de\/dateien\/2024\/03\/LH_Kachel-CNC.jpg","wide-width":1000,"wide-height":640}},"link":"https:\/\/luh.zzagenturweb.de\/es\/artesania\/tecnologia-cnc\/","beschriftung":"Continuar con la producci\u00f3n de piezas brutas"},{"header":"El Camino Hacia El Reloj","bild":{"ID":7609,"id":7609,"title":"LH_Kachel_WegZurUhr","filename":"LH_Kachel_WegZurUhr.jpg","filesize":273437,"url":"https:\/\/luh.zzagenturweb.de\/dateien\/2023\/08\/LH_Kachel_WegZurUhr.jpg","link":"https:\/\/luh.zzagenturweb.de\/es\/artesania\/idea\/lh_kachel_wegzuruhr-2\/","alt":"","author":"5","description":"","caption":"","name":"lh_kachel_wegzuruhr-2","status":"inherit","uploaded_to":7608,"date":"2023-08-24 12:35:10","modified":"2023-08-24 12:35:10","menu_order":0,"mime_type":"image\/jpeg","type":"image","subtype":"jpeg","icon":"https:\/\/luh.zzagenturweb.de\/wp-includes\/images\/media\/default.png","width":1000,"height":640,"sizes":{"thumbnail":"https:\/\/luh.zzagenturweb.de\/dateien\/2023\/08\/LH_Kachel_WegZurUhr-150x150.jpg","thumbnail-width":150,"thumbnail-height":150,"medium":"https:\/\/luh.zzagenturweb.de\/dateien\/2023\/08\/LH_Kachel_WegZurUhr-300x192.jpg","medium-width":300,"medium-height":192,"medium_large":"https:\/\/luh.zzagenturweb.de\/dateien\/2023\/08\/LH_Kachel_WegZurUhr-768x492.jpg","medium_large-width":768,"medium_large-height":492,"large":"https:\/\/luh.zzagenturweb.de\/dateien\/2023\/08\/LH_Kachel_WegZurUhr.jpg","large-width":1000,"large-height":640,"1536x1536":"https:\/\/luh.zzagenturweb.de\/dateien\/2023\/08\/LH_Kachel_WegZurUhr.jpg","1536x1536-width":1000,"1536x1536-height":640,"2048x2048":"https:\/\/luh.zzagenturweb.de\/dateien\/2023\/08\/LH_Kachel_WegZurUhr.jpg","2048x2048-width":1000,"2048x2048-height":640,"post-thumbnail":"https:\/\/luh.zzagenturweb.de\/dateien\/2023\/08\/LH_Kachel_WegZurUhr-150x150.jpg","post-thumbnail-width":150,"post-thumbnail-height":150,"wide":"https:\/\/luh.zzagenturweb.de\/dateien\/2023\/08\/LH_Kachel_WegZurUhr.jpg","wide-width":1000,"wide-height":640}},"link":"https:\/\/luh.zzagenturweb.de\/es\/artesania\/","beschriftung":"volver a la vista general"},{"header":"Refinamiento magistral","bild":{"ID":7581,"id":7581,"title":"LH_Kachel_Detail_Finish-Kloben","filename":"LH_Kachel_Detail_Finish-Kloben.jpg","filesize":297469,"url":"https:\/\/luh.zzagenturweb.de\/dateien\/2023\/10\/LH_Kachel_Detail_Finish-Kloben.jpg","link":"https:\/\/luh.zzagenturweb.de\/es\/artesania\/lh_kachel_detail_finish-kloben-2\/","alt":"","author":"5","description":"","caption":"","name":"lh_kachel_detail_finish-kloben-2","status":"inherit","uploaded_to":7552,"date":"2023-10-20 07:03:49","modified":"2023-10-20 07:03:49","menu_order":0,"mime_type":"image\/jpeg","type":"image","subtype":"jpeg","icon":"https:\/\/luh.zzagenturweb.de\/wp-includes\/images\/media\/default.png","width":1000,"height":640,"sizes":{"thumbnail":"https:\/\/luh.zzagenturweb.de\/dateien\/2023\/10\/LH_Kachel_Detail_Finish-Kloben-150x150.jpg","thumbnail-width":150,"thumbnail-height":150,"medium":"https:\/\/luh.zzagenturweb.de\/dateien\/2023\/10\/LH_Kachel_Detail_Finish-Kloben-300x192.jpg","medium-width":300,"medium-height":192,"medium_large":"https:\/\/luh.zzagenturweb.de\/dateien\/2023\/10\/LH_Kachel_Detail_Finish-Kloben-768x492.jpg","medium_large-width":768,"medium_large-height":492,"large":"https:\/\/luh.zzagenturweb.de\/dateien\/2023\/10\/LH_Kachel_Detail_Finish-Kloben.jpg","large-width":1000,"large-height":640,"1536x1536":"https:\/\/luh.zzagenturweb.de\/dateien\/2023\/10\/LH_Kachel_Detail_Finish-Kloben.jpg","1536x1536-width":1000,"1536x1536-height":640,"2048x2048":"https:\/\/luh.zzagenturweb.de\/dateien\/2023\/10\/LH_Kachel_Detail_Finish-Kloben.jpg","2048x2048-width":1000,"2048x2048-height":640,"post-thumbnail":"https:\/\/luh.zzagenturweb.de\/dateien\/2023\/10\/LH_Kachel_Detail_Finish-Kloben-150x150.jpg","post-thumbnail-width":150,"post-thumbnail-height":150,"wide":"https:\/\/luh.zzagenturweb.de\/dateien\/2023\/10\/LH_Kachel_Detail_Finish-Kloben.jpg","wide-width":1000,"wide-height":640}},"link":"https:\/\/luh.zzagenturweb.de\/es\/artesania\/refinamiento-magistral\/","beschriftung":"Descubre otros procesos para la preparaci\u00f3n est\u00e9tica y funcional de los componentes."}]}],"slide":[{"bild__video":true,"bild":{"ID":7574,"id":7574,"title":"LH_Header_Idee","filename":"LH_Header_Idee.jpg","filesize":330953,"url":"https:\/\/luh.zzagenturweb.de\/dateien\/2023\/08\/LH_Header_Idee.jpg","link":"https:\/\/luh.zzagenturweb.de\/es\/artesania\/lh_header_idee-2\/","alt":"","author":"5","description":"","caption":"","name":"lh_header_idee-2","status":"inherit","uploaded_to":7552,"date":"2023-08-23 12:27:18","modified":"2023-08-23 12:27:18","menu_order":0,"mime_type":"image\/jpeg","type":"image","subtype":"jpeg","icon":"https:\/\/luh.zzagenturweb.de\/wp-includes\/images\/media\/default.png","width":1920,"height":1080,"sizes":{"thumbnail":"https:\/\/luh.zzagenturweb.de\/dateien\/2023\/08\/LH_Header_Idee-150x150.jpg","thumbnail-width":150,"thumbnail-height":150,"medium":"https:\/\/luh.zzagenturweb.de\/dateien\/2023\/08\/LH_Header_Idee-300x169.jpg","medium-width":300,"medium-height":169,"medium_large":"https:\/\/luh.zzagenturweb.de\/dateien\/2023\/08\/LH_Header_Idee-768x432.jpg","medium_large-width":768,"medium_large-height":432,"large":"https:\/\/luh.zzagenturweb.de\/dateien\/2023\/08\/LH_Header_Idee-1024x576.jpg","large-width":1024,"large-height":576,"1536x1536":"https:\/\/luh.zzagenturweb.de\/dateien\/2023\/08\/LH_Header_Idee-1536x864.jpg","1536x1536-width":1536,"1536x1536-height":864,"2048x2048":"https:\/\/luh.zzagenturweb.de\/dateien\/2023\/08\/LH_Header_Idee.jpg","2048x2048-width":1920,"2048x2048-height":1080,"post-thumbnail":"https:\/\/luh.zzagenturweb.de\/dateien\/2023\/08\/LH_Header_Idee-150x150.jpg","post-thumbnail-width":150,"post-thumbnail-height":150,"wide":"https:\/\/luh.zzagenturweb.de\/dateien\/2023\/08\/LH_Header_Idee-1400x788.jpg","wide-width":1400,"wide-height":788}},"video":false,"texte":{"text":"De la idea a la perfecci\u00f3n","subline":"C\u00f3mo el dise\u00f1o, el dibujo y la tecnolog\u00eda crean una simbiosis atemporal"}}]},"wpml_current_locale":"es_ES","wpml_translations":{"en_US":{"locale":"en_US","id":5345,"slug":"idea","post_title":"Idea","href":"https:\/\/luh.zzagenturweb.de\/en\/craftsmanship\/idea\/"},"de_DE":{"locale":"de_DE","id":5120,"slug":"idee","post_title":"Idee","href":"https:\/\/luh.zzagenturweb.de\/handwerk\/idee\/"},"fr_FR":{"locale":"fr_FR","id":7599,"slug":"idee","post_title":"Id\u00e9e","href":"https:\/\/luh.zzagenturweb.de\/fr\/artisanat\/idee\/"},"ja":{"locale":"ja","id":5347,"slug":"idea","post_title":"\u30a2\u30a4\u30c7\u30a2","href":"https:\/\/luh.zzagenturweb.de\/ja\/craftsmanship\/idea\/"},"zh_CN":{"locale":"zh_CN","id":5346,"slug":"idea","post_title":"\u60f3\u6cd5","href":"https:\/\/luh.zzagenturweb.de\/zh-hans\/craftsmanship\/idea\/"}},"_links":{"self":[{"href":"https:\/\/luh.zzagenturweb.de\/es\/wp-json\/wp\/v2\/pages\/7608","targetHints":{"allow":["GET"]}}],"collection":[{"href":"https:\/\/luh.zzagenturweb.de\/es\/wp-json\/wp\/v2\/pages"}],"about":[{"href":"https:\/\/luh.zzagenturweb.de\/es\/wp-json\/wp\/v2\/types\/page"}],"author":[{"embeddable":true,"href":"https:\/\/luh.zzagenturweb.de\/es\/wp-json\/wp\/v2\/users\/5"}],"replies":[{"embeddable":true,"href":"https:\/\/luh.zzagenturweb.de\/es\/wp-json\/wp\/v2\/comments?post=7608"}],"version-history":[{"count":0,"href":"https:\/\/luh.zzagenturweb.de\/es\/wp-json\/wp\/v2\/pages\/7608\/revisions"}],"up":[{"embeddable":true,"href":"https:\/\/luh.zzagenturweb.de\/es\/wp-json\/wp\/v2\/pages\/7552"}],"wp:attachment":[{"href":"https:\/\/luh.zzagenturweb.de\/es\/wp-json\/wp\/v2\/media?parent=7608"}],"curies":[{"name":"wp","href":"https:\/\/api.w.org\/{rel}","templated":true}]}}