{"id":7591,"date":"2023-08-25T13:00:32","date_gmt":"2023-08-25T11:00:32","guid":{"rendered":"https:\/\/www.lang-und-heyne.de\/artesania\/montaje\/"},"modified":"2023-08-25T13:00:32","modified_gmt":"2023-08-25T11:00:32","slug":"montaje","status":"publish","type":"page","link":"https:\/\/luh.zzagenturweb.de\/es\/artesania\/montaje\/","title":{"rendered":"Montaje"},"content":{"rendered":"","protected":false},"excerpt":{"rendered":"","protected":false},"author":5,"featured_media":0,"parent":7552,"menu_order":27,"comment_status":"closed","ping_status":"closed","template":"","meta":{"_acf_changed":false,"footnotes":""},"class_list":["post-7591","page","type-page","status-publish","hentry"],"acf":{"start":[{"acf_fc_layout":"textbild","header":"Premontaje Y Montaje Final","anchor":false,"order":false,"bigtext":false,"bild":{"ID":7576,"id":7576,"title":"LH_Kachel_Georg-Montage","filename":"LH_Kachel_Georg-Montage.jpg","filesize":386946,"url":"https:\/\/luh.zzagenturweb.de\/dateien\/2023\/08\/LH_Kachel_Georg-Montage.jpg","link":"https:\/\/luh.zzagenturweb.de\/es\/artesania\/lh_kachel_georg-montage-2-2\/","alt":"","author":"5","description":"","caption":"","name":"lh_kachel_georg-montage-2-2","status":"inherit","uploaded_to":7552,"date":"2023-08-24 06:58:15","modified":"2023-08-24 06:58:15","menu_order":0,"mime_type":"image\/jpeg","type":"image","subtype":"jpeg","icon":"https:\/\/luh.zzagenturweb.de\/wp-includes\/images\/media\/default.png","width":1000,"height":640,"sizes":{"thumbnail":"https:\/\/luh.zzagenturweb.de\/dateien\/2023\/08\/LH_Kachel_Georg-Montage-150x150.jpg","thumbnail-width":150,"thumbnail-height":150,"medium":"https:\/\/luh.zzagenturweb.de\/dateien\/2023\/08\/LH_Kachel_Georg-Montage-300x192.jpg","medium-width":300,"medium-height":192,"medium_large":"https:\/\/luh.zzagenturweb.de\/dateien\/2023\/08\/LH_Kachel_Georg-Montage-768x492.jpg","medium_large-width":768,"medium_large-height":492,"large":"https:\/\/luh.zzagenturweb.de\/dateien\/2023\/08\/LH_Kachel_Georg-Montage.jpg","large-width":1000,"large-height":640,"1536x1536":"https:\/\/luh.zzagenturweb.de\/dateien\/2023\/08\/LH_Kachel_Georg-Montage.jpg","1536x1536-width":1000,"1536x1536-height":640,"2048x2048":"https:\/\/luh.zzagenturweb.de\/dateien\/2023\/08\/LH_Kachel_Georg-Montage.jpg","2048x2048-width":1000,"2048x2048-height":640,"post-thumbnail":"https:\/\/luh.zzagenturweb.de\/dateien\/2023\/08\/LH_Kachel_Georg-Montage-150x150.jpg","post-thumbnail-width":150,"post-thumbnail-height":150,"wide":"https:\/\/luh.zzagenturweb.de\/dateien\/2023\/08\/LH_Kachel_Georg-Montage.jpg","wide-width":1000,"wide-height":640}},"sub":"","text":"El proceso de montaje de un reloj es una combinaci\u00f3n de precisi\u00f3n y cuidado, un verdadero arte que une los diversos componentes de un movimiento en una unidad que funciona armoniosamente. El montaje de un reloj puede ser complejo, pero da vida al alma del movimiento, afinando cada movimiento, cada funci\u00f3n, cada belleza. Esta visi\u00f3n de nuestros procesos de montaje te ofrece una mirada fascinante al funcionamiento interno de nuestros relojes.  ","link":"","target":"","zusatzbild":false,"bild2":false,"ausrichtung":false,"sub2":""},{"acf_fc_layout":"text","text":"<p><strong>Bobinado y movimiento<\/strong><br \/>\nA pesar de la precisi\u00f3n de fabricaci\u00f3n, los componentes no pueden simplemente enchufarse y atornillarse. Esto se debe a los efectos de adici\u00f3n. Las dimensiones de los distintos componentes se influyen mutuamente. En este punto, las tolerancias se suman y su suma puede superar a menudo las dimensiones permitidas para intervenciones o huecos.   <\/p>\n<p><strong>Ajuste fino mediante holgura de altura<\/strong><br \/>\nEl montaje comienza con la instalaci\u00f3n de los componentes de cuerda en la placa del movimiento. A continuaci\u00f3n se instalan las ruedas de rodadura, montadas en rub\u00edes. Para que los engranajes giren con suavidad, necesitan una peque\u00f1a holgura en sentido axial. El relojero puede mover los rub\u00edes utilizando plantillas, punzones y yunques. Esto suele requerir desmontar varias veces el tren de engranajes y considerar con precisi\u00f3n las alturas de los componentes.    <\/p>\n"},{"acf_fc_layout":"testimonial","bild_links":{"ID":7594,"id":7594,"title":"LH_MA_AlexK","filename":"LH_MA_AlexK.jpg","filesize":428243,"url":"https:\/\/luh.zzagenturweb.de\/dateien\/2024\/02\/LH_MA_AlexK.jpg","link":"https:\/\/luh.zzagenturweb.de\/es\/artesania\/montaje\/lh_ma_alexk-2\/","alt":"","author":"5","description":"","caption":"","name":"lh_ma_alexk-2","status":"inherit","uploaded_to":7591,"date":"2024-02-05 12:06:47","modified":"2024-02-05 12:06:47","menu_order":0,"mime_type":"image\/jpeg","type":"image","subtype":"jpeg","icon":"https:\/\/luh.zzagenturweb.de\/wp-includes\/images\/media\/default.png","width":860,"height":1000,"sizes":{"thumbnail":"https:\/\/luh.zzagenturweb.de\/dateien\/2024\/02\/LH_MA_AlexK-150x150.jpg","thumbnail-width":150,"thumbnail-height":150,"medium":"https:\/\/luh.zzagenturweb.de\/dateien\/2024\/02\/LH_MA_AlexK-258x300.jpg","medium-width":258,"medium-height":300,"medium_large":"https:\/\/luh.zzagenturweb.de\/dateien\/2024\/02\/LH_MA_AlexK-768x893.jpg","medium_large-width":768,"medium_large-height":893,"large":"https:\/\/luh.zzagenturweb.de\/dateien\/2024\/02\/LH_MA_AlexK.jpg","large-width":860,"large-height":1000,"1536x1536":"https:\/\/luh.zzagenturweb.de\/dateien\/2024\/02\/LH_MA_AlexK.jpg","1536x1536-width":860,"1536x1536-height":1000,"2048x2048":"https:\/\/luh.zzagenturweb.de\/dateien\/2024\/02\/LH_MA_AlexK.jpg","2048x2048-width":860,"2048x2048-height":1000,"post-thumbnail":"https:\/\/luh.zzagenturweb.de\/dateien\/2024\/02\/LH_MA_AlexK-150x150.jpg","post-thumbnail-width":150,"post-thumbnail-height":150,"wide":"https:\/\/luh.zzagenturweb.de\/dateien\/2024\/02\/LH_MA_AlexK.jpg","wide-width":860,"wide-height":1000}},"zitat":"Un momento fascinante en el que las piezas individuales cobran vida.","autor":"Alexander Klar, maestro relojero, jefe del equipo de montaje","seitenverkehrt":false,"smalltext":false,"bild_oder_animiertes_gif":false,"bild_rechts":false,"bild_rechts_gif":{"ID":7596,"id":7596,"title":"LH_Kachel_Vormontage","filename":"LH_Kachel_Vormontage.mp4","filesize":1267558,"url":"https:\/\/luh.zzagenturweb.de\/dateien\/2024\/02\/LH_Kachel_Vormontage.mp4","link":"https:\/\/luh.zzagenturweb.de\/es\/artesania\/montaje\/lh_kachel_vormontage-2\/","alt":"","author":"5","description":"","caption":"","name":"lh_kachel_vormontage-2","status":"inherit","uploaded_to":7591,"date":"2024-02-28 09:34:42","modified":"2024-02-28 09:34:42","menu_order":0,"mime_type":"video\/mp4","type":"video","subtype":"mp4","icon":"https:\/\/luh.zzagenturweb.de\/wp-includes\/images\/media\/video.png","width":850,"height":600},"extrabild":false,"detail":false,"additionalinfo":false,"zusatzinfo":{"text":"","link":null,"linktext":""}},{"acf_fc_layout":"text","text":"<p><strong>Escape<\/strong><br \/>\nEl escape de nuestro movimiento conecta el volante oscilante con el tren de engranajes. Permite que el volante imponga su ritmo al movimiento y recibe suficientes impulsos de energ\u00eda para mantener las oscilaciones. <\/p>\n<p><strong>Ajuste preciso del escape<\/strong><br \/>\nAl igual que con el tren de engranajes, el relojero tambi\u00e9n debe ajustar la altura y las dimensiones del hueco moviendo las joyas. La palanca con sus paletas de rub\u00ed deslizantes es el elemento central del escape. El ajuste preciso de estos componentes es crucial para un engranaje de baja fricci\u00f3n pero fiable con la rueda de escape. La precisi\u00f3n de este trabajo tiene una influencia decisiva en la marcha del reloj y requiere que las piezas individuales se desmonten y se ajusten varias veces. Por \u00faltimo, las posiciones de las paletas de rub\u00ed en el escape se fijan con goma laca fundida.    <\/p>\n"},{"acf_fc_layout":"textbild","header":"El Arte Del Ajuste Fino","anchor":true,"order":true,"bigtext":false,"bild":{"ID":7577,"id":7577,"title":"LH_Kachel_SpiraleBiegen","filename":"LH_Kachel_SpiraleBiegen.jpg","filesize":299163,"url":"https:\/\/luh.zzagenturweb.de\/dateien\/2023\/08\/LH_Kachel_SpiraleBiegen.jpg","link":"https:\/\/luh.zzagenturweb.de\/es\/artesania\/lh_kachel_spiralebiegen-2\/","alt":"","author":"5","description":"","caption":"","name":"lh_kachel_spiralebiegen-2","status":"inherit","uploaded_to":7552,"date":"2023-08-24 07:03:33","modified":"2023-08-24 07:03:33","menu_order":0,"mime_type":"image\/jpeg","type":"image","subtype":"jpeg","icon":"https:\/\/luh.zzagenturweb.de\/wp-includes\/images\/media\/default.png","width":1000,"height":640,"sizes":{"thumbnail":"https:\/\/luh.zzagenturweb.de\/dateien\/2023\/08\/LH_Kachel_SpiraleBiegen-150x150.jpg","thumbnail-width":150,"thumbnail-height":150,"medium":"https:\/\/luh.zzagenturweb.de\/dateien\/2023\/08\/LH_Kachel_SpiraleBiegen-300x192.jpg","medium-width":300,"medium-height":192,"medium_large":"https:\/\/luh.zzagenturweb.de\/dateien\/2023\/08\/LH_Kachel_SpiraleBiegen-768x492.jpg","medium_large-width":768,"medium_large-height":492,"large":"https:\/\/luh.zzagenturweb.de\/dateien\/2023\/08\/LH_Kachel_SpiraleBiegen.jpg","large-width":1000,"large-height":640,"1536x1536":"https:\/\/luh.zzagenturweb.de\/dateien\/2023\/08\/LH_Kachel_SpiraleBiegen.jpg","1536x1536-width":1000,"1536x1536-height":640,"2048x2048":"https:\/\/luh.zzagenturweb.de\/dateien\/2023\/08\/LH_Kachel_SpiraleBiegen.jpg","2048x2048-width":1000,"2048x2048-height":640,"post-thumbnail":"https:\/\/luh.zzagenturweb.de\/dateien\/2023\/08\/LH_Kachel_SpiraleBiegen-150x150.jpg","post-thumbnail-width":150,"post-thumbnail-height":150,"wide":"https:\/\/luh.zzagenturweb.de\/dateien\/2023\/08\/LH_Kachel_SpiraleBiegen.jpg","wide-width":1000,"wide-height":640}},"sub":"","text":"El ajuste fino desempe\u00f1a un papel decisivo en el arte de la relojer\u00eda. Nuestros relojeros de Lang & Heyne dominan el exigente arte de la regulaci\u00f3n para ajustar a la perfecci\u00f3n cada movimiento. El refinamiento del volante y la espiral es una danza armoniosa en la que las curvas precisas y los tornillos de volante de oro tradicionales garantizan una frecuencia de oscilaci\u00f3n constante. Los ajustes de los tornillos de oro del volante modifican el momento de inercia del volante para garantizar una precisi\u00f3n de marcha constante en todas las posiciones del movimiento. Este proceso garantiza que el reloj funcione de forma constante y precisa en todas las posiciones.    ","link":"","target":"","zusatzbild":false,"bild2":false,"ausrichtung":false,"sub2":""},{"acf_fc_layout":"textbild","header":"Montaje Final","anchor":true,"order":false,"bigtext":false,"bild":{"ID":7571,"id":7571,"title":"LH_Kachel_Georg-Montage2","filename":"LH_Kachel_Georg-Montage2.jpg","filesize":367421,"url":"https:\/\/luh.zzagenturweb.de\/dateien\/2023\/08\/LH_Kachel_Georg-Montage2.jpg","link":"https:\/\/luh.zzagenturweb.de\/es\/artesania\/lh_kachel_georg-montage2-2\/","alt":"","author":"5","description":"","caption":"","name":"lh_kachel_georg-montage2-2","status":"inherit","uploaded_to":7552,"date":"2023-08-18 13:01:00","modified":"2023-08-18 13:01:00","menu_order":0,"mime_type":"image\/jpeg","type":"image","subtype":"jpeg","icon":"https:\/\/luh.zzagenturweb.de\/wp-includes\/images\/media\/default.png","width":1000,"height":640,"sizes":{"thumbnail":"https:\/\/luh.zzagenturweb.de\/dateien\/2023\/08\/LH_Kachel_Georg-Montage2-150x150.jpg","thumbnail-width":150,"thumbnail-height":150,"medium":"https:\/\/luh.zzagenturweb.de\/dateien\/2023\/08\/LH_Kachel_Georg-Montage2-300x192.jpg","medium-width":300,"medium-height":192,"medium_large":"https:\/\/luh.zzagenturweb.de\/dateien\/2023\/08\/LH_Kachel_Georg-Montage2-768x492.jpg","medium_large-width":768,"medium_large-height":492,"large":"https:\/\/luh.zzagenturweb.de\/dateien\/2023\/08\/LH_Kachel_Georg-Montage2.jpg","large-width":1000,"large-height":640,"1536x1536":"https:\/\/luh.zzagenturweb.de\/dateien\/2023\/08\/LH_Kachel_Georg-Montage2.jpg","1536x1536-width":1000,"1536x1536-height":640,"2048x2048":"https:\/\/luh.zzagenturweb.de\/dateien\/2023\/08\/LH_Kachel_Georg-Montage2.jpg","2048x2048-width":1000,"2048x2048-height":640,"post-thumbnail":"https:\/\/luh.zzagenturweb.de\/dateien\/2023\/08\/LH_Kachel_Georg-Montage2-150x150.jpg","post-thumbnail-width":150,"post-thumbnail-height":150,"wide":"https:\/\/luh.zzagenturweb.de\/dateien\/2023\/08\/LH_Kachel_Georg-Montage2.jpg","wide-width":1000,"wide-height":640}},"sub":"","text":"Al reflexionar sobre los pasos anteriores, queda claro que a menudo hay que desmontar partes de nuestro movimiento para hacer ajustes. A veces las piezas se afinan, rectifican y pulen. Este trabajo preciso del metal en los espacios m\u00e1s peque\u00f1os significa que es casi imposible tener en las manos un movimiento ensamblado sin defectos. Pero precisamente esta pureza es esencial para garantizar una funcionalidad duradera. Por esta raz\u00f3n, el movimiento acabado se desmonta de nuevo, se limpia cuidadosamente y se vuelve a montar en condiciones est\u00e9riles. Ahora se tratan todas las manchas de aceite y se descartan los borrones.     ","link":"","target":"","zusatzbild":false,"bild2":false,"ausrichtung":false,"sub2":""},{"acf_fc_layout":"textbild","header":"Manos de Ajuste Y Encofrado","anchor":true,"order":true,"bigtext":false,"bild":{"ID":7598,"id":7598,"title":"LH-Kachel-Montage-Assambly","filename":"LH-Kachel-Montage-Assambly.jpg","filesize":349833,"url":"https:\/\/luh.zzagenturweb.de\/dateien\/2024\/05\/LH-Kachel-Montage-Assambly.jpg","link":"https:\/\/luh.zzagenturweb.de\/es\/artesania\/montaje\/lh-kachel-montage-assambly-2\/","alt":"","author":"5","description":"","caption":"","name":"lh-kachel-montage-assambly-2","status":"inherit","uploaded_to":7591,"date":"2024-05-14 19:38:45","modified":"2024-05-14 19:38:45","menu_order":0,"mime_type":"image\/jpeg","type":"image","subtype":"jpeg","icon":"https:\/\/luh.zzagenturweb.de\/wp-includes\/images\/media\/default.png","width":1000,"height":705,"sizes":{"thumbnail":"https:\/\/luh.zzagenturweb.de\/dateien\/2024\/05\/LH-Kachel-Montage-Assambly-150x150.jpg","thumbnail-width":150,"thumbnail-height":150,"medium":"https:\/\/luh.zzagenturweb.de\/dateien\/2024\/05\/LH-Kachel-Montage-Assambly-300x212.jpg","medium-width":300,"medium-height":212,"medium_large":"https:\/\/luh.zzagenturweb.de\/dateien\/2024\/05\/LH-Kachel-Montage-Assambly-768x541.jpg","medium_large-width":768,"medium_large-height":541,"large":"https:\/\/luh.zzagenturweb.de\/dateien\/2024\/05\/LH-Kachel-Montage-Assambly.jpg","large-width":1000,"large-height":705,"1536x1536":"https:\/\/luh.zzagenturweb.de\/dateien\/2024\/05\/LH-Kachel-Montage-Assambly.jpg","1536x1536-width":1000,"1536x1536-height":705,"2048x2048":"https:\/\/luh.zzagenturweb.de\/dateien\/2024\/05\/LH-Kachel-Montage-Assambly.jpg","2048x2048-width":1000,"2048x2048-height":705,"post-thumbnail":"https:\/\/luh.zzagenturweb.de\/dateien\/2024\/05\/LH-Kachel-Montage-Assambly-150x150.jpg","post-thumbnail-width":150,"post-thumbnail-height":150,"wide":"https:\/\/luh.zzagenturweb.de\/dateien\/2024\/05\/LH-Kachel-Montage-Assambly.jpg","wide-width":1000,"wide-height":705}},"sub":"","text":"Nuestro relojero coloca ahora la esfera en el movimiento y fija las agujas. Nuestras manecillas tienen casquillos embutidos y permanecen en su sitio incluso despu\u00e9s de levantarlas varias veces. Las agujas deben estar alineadas en paralelo. El minutero est\u00e1 ligeramente curvado hacia abajo en la punta para permitir una lectura precisa.<br \/>\nCaja se refiere a la instalaci\u00f3n en la caja. Esto implica retirar el v\u00e1stago de la cuerda y volver a insertarlo despu\u00e9s de la instalaci\u00f3n. El reto aqu\u00ed es la limpieza, ya que hasta las part\u00edculas o pelusas m\u00e1s peque\u00f1as pueden entrar f\u00e1cilmente.     ","link":"El arte de la producci\u00f3n manual","target":"https:\/\/luh.zzagenturweb.de\/es\/artesania\/produccion-de-punteros\/","zusatzbild":false,"bild2":false,"ausrichtung":false,"sub2":""},{"acf_fc_layout":"textbild","header":"Control de Calidad","anchor":false,"order":false,"bigtext":false,"bild":{"ID":7580,"id":7580,"title":"LH_Kachel_Quali","filename":"LH_Kachel_Quali.jpg","filesize":295539,"url":"https:\/\/luh.zzagenturweb.de\/dateien\/2023\/10\/LH_Kachel_Quali.jpg","link":"https:\/\/luh.zzagenturweb.de\/es\/artesania\/lh_kachel_quali-2\/","alt":"","author":"5","description":"","caption":"","name":"lh_kachel_quali-2","status":"inherit","uploaded_to":7552,"date":"2023-10-20 07:02:39","modified":"2023-10-20 07:02:39","menu_order":0,"mime_type":"image\/jpeg","type":"image","subtype":"jpeg","icon":"https:\/\/luh.zzagenturweb.de\/wp-includes\/images\/media\/default.png","width":1000,"height":640,"sizes":{"thumbnail":"https:\/\/luh.zzagenturweb.de\/dateien\/2023\/10\/LH_Kachel_Quali-150x150.jpg","thumbnail-width":150,"thumbnail-height":150,"medium":"https:\/\/luh.zzagenturweb.de\/dateien\/2023\/10\/LH_Kachel_Quali-300x192.jpg","medium-width":300,"medium-height":192,"medium_large":"https:\/\/luh.zzagenturweb.de\/dateien\/2023\/10\/LH_Kachel_Quali-768x492.jpg","medium_large-width":768,"medium_large-height":492,"large":"https:\/\/luh.zzagenturweb.de\/dateien\/2023\/10\/LH_Kachel_Quali.jpg","large-width":1000,"large-height":640,"1536x1536":"https:\/\/luh.zzagenturweb.de\/dateien\/2023\/10\/LH_Kachel_Quali.jpg","1536x1536-width":1000,"1536x1536-height":640,"2048x2048":"https:\/\/luh.zzagenturweb.de\/dateien\/2023\/10\/LH_Kachel_Quali.jpg","2048x2048-width":1000,"2048x2048-height":640,"post-thumbnail":"https:\/\/luh.zzagenturweb.de\/dateien\/2023\/10\/LH_Kachel_Quali-150x150.jpg","post-thumbnail-width":150,"post-thumbnail-height":150,"wide":"https:\/\/luh.zzagenturweb.de\/dateien\/2023\/10\/LH_Kachel_Quali.jpg","wide-width":1000,"wide-height":640}},"sub":"","text":"El control de calidad final antes de la entrega es la cumbre de nuestro arte relojero. Como un director de orquesta que realiza la puesta a punto final antes del gran concierto, comprobamos cada uno de los componentes con la m\u00e1xima precisi\u00f3n. Cada aspecto, desde las sutilezas dimensionales hasta la elegancia visual, se examina cuidadosamente. Igual que las notas musicales de una orquesta suenan en armon\u00eda, nos aseguramos de que cada reloj funcione perfectamente en armon\u00eda con los m\u00e1s altos niveles de artesan\u00eda y tecnolog\u00eda.   ","link":"","target":"","zusatzbild":false,"bild2":false,"ausrichtung":false,"sub2":""},{"acf_fc_layout":"threeblocks","block":[{"header":"El Camino Hacia El Reloj","bild":{"ID":7609,"id":7609,"title":"LH_Kachel_WegZurUhr","filename":"LH_Kachel_WegZurUhr.jpg","filesize":273437,"url":"https:\/\/luh.zzagenturweb.de\/dateien\/2023\/08\/LH_Kachel_WegZurUhr.jpg","link":"https:\/\/luh.zzagenturweb.de\/es\/artesania\/idea\/lh_kachel_wegzuruhr-2\/","alt":"","author":"5","description":"","caption":"","name":"lh_kachel_wegzuruhr-2","status":"inherit","uploaded_to":7608,"date":"2023-08-24 12:35:10","modified":"2023-08-24 12:35:10","menu_order":0,"mime_type":"image\/jpeg","type":"image","subtype":"jpeg","icon":"https:\/\/luh.zzagenturweb.de\/wp-includes\/images\/media\/default.png","width":1000,"height":640,"sizes":{"thumbnail":"https:\/\/luh.zzagenturweb.de\/dateien\/2023\/08\/LH_Kachel_WegZurUhr-150x150.jpg","thumbnail-width":150,"thumbnail-height":150,"medium":"https:\/\/luh.zzagenturweb.de\/dateien\/2023\/08\/LH_Kachel_WegZurUhr-300x192.jpg","medium-width":300,"medium-height":192,"medium_large":"https:\/\/luh.zzagenturweb.de\/dateien\/2023\/08\/LH_Kachel_WegZurUhr-768x492.jpg","medium_large-width":768,"medium_large-height":492,"large":"https:\/\/luh.zzagenturweb.de\/dateien\/2023\/08\/LH_Kachel_WegZurUhr.jpg","large-width":1000,"large-height":640,"1536x1536":"https:\/\/luh.zzagenturweb.de\/dateien\/2023\/08\/LH_Kachel_WegZurUhr.jpg","1536x1536-width":1000,"1536x1536-height":640,"2048x2048":"https:\/\/luh.zzagenturweb.de\/dateien\/2023\/08\/LH_Kachel_WegZurUhr.jpg","2048x2048-width":1000,"2048x2048-height":640,"post-thumbnail":"https:\/\/luh.zzagenturweb.de\/dateien\/2023\/08\/LH_Kachel_WegZurUhr-150x150.jpg","post-thumbnail-width":150,"post-thumbnail-height":150,"wide":"https:\/\/luh.zzagenturweb.de\/dateien\/2023\/08\/LH_Kachel_WegZurUhr.jpg","wide-width":1000,"wide-height":640}},"link":"https:\/\/luh.zzagenturweb.de\/es\/artesania\/","beschriftung":"volver a la vista general"},{"header":"Colecci\u00f3n","bild":{"ID":7597,"id":7597,"title":"LH_Kachel-Kollektion","filename":"LH_Kachel-Kollektion.jpg","filesize":486103,"url":"https:\/\/luh.zzagenturweb.de\/dateien\/2024\/03\/LH_Kachel-Kollektion.jpg","link":"https:\/\/luh.zzagenturweb.de\/es\/artesania\/montaje\/lh_kachel-kollektion-2\/","alt":"","author":"5","description":"","caption":"","name":"lh_kachel-kollektion-2","status":"inherit","uploaded_to":7591,"date":"2024-03-05 09:01:45","modified":"2024-03-05 09:01:45","menu_order":0,"mime_type":"image\/jpeg","type":"image","subtype":"jpeg","icon":"https:\/\/luh.zzagenturweb.de\/wp-includes\/images\/media\/default.png","width":1000,"height":640,"sizes":{"thumbnail":"https:\/\/luh.zzagenturweb.de\/dateien\/2024\/03\/LH_Kachel-Kollektion-150x150.jpg","thumbnail-width":150,"thumbnail-height":150,"medium":"https:\/\/luh.zzagenturweb.de\/dateien\/2024\/03\/LH_Kachel-Kollektion-300x192.jpg","medium-width":300,"medium-height":192,"medium_large":"https:\/\/luh.zzagenturweb.de\/dateien\/2024\/03\/LH_Kachel-Kollektion-768x492.jpg","medium_large-width":768,"medium_large-height":492,"large":"https:\/\/luh.zzagenturweb.de\/dateien\/2024\/03\/LH_Kachel-Kollektion.jpg","large-width":1000,"large-height":640,"1536x1536":"https:\/\/luh.zzagenturweb.de\/dateien\/2024\/03\/LH_Kachel-Kollektion.jpg","1536x1536-width":1000,"1536x1536-height":640,"2048x2048":"https:\/\/luh.zzagenturweb.de\/dateien\/2024\/03\/LH_Kachel-Kollektion.jpg","2048x2048-width":1000,"2048x2048-height":640,"post-thumbnail":"https:\/\/luh.zzagenturweb.de\/dateien\/2024\/03\/LH_Kachel-Kollektion-150x150.jpg","post-thumbnail-width":150,"post-thumbnail-height":150,"wide":"https:\/\/luh.zzagenturweb.de\/dateien\/2024\/03\/LH_Kachel-Kollektion.jpg","wide-width":1000,"wide-height":640}},"link":"https:\/\/luh.zzagenturweb.de\/es\/coleccion\/","beschriftung":"Fabricado en Sajonia."}]}],"slide":[{"bild__video":false,"bild":false,"video":{"ID":7595,"id":7595,"title":"LH_Intro_Montage_1","filename":"LH_Intro_Montage_1.mp4","filesize":3447550,"url":"https:\/\/luh.zzagenturweb.de\/dateien\/2024\/02\/LH_Intro_Montage_1.mp4","link":"https:\/\/luh.zzagenturweb.de\/es\/artesania\/montaje\/lh_intro_montage_1-2\/","alt":"","author":"5","description":"","caption":"","name":"lh_intro_montage_1-2","status":"inherit","uploaded_to":7591,"date":"2024-02-28 09:24:21","modified":"2024-02-28 09:24:21","menu_order":0,"mime_type":"video\/mp4","type":"video","subtype":"mp4","icon":"https:\/\/luh.zzagenturweb.de\/wp-includes\/images\/media\/video.png","width":1280,"height":720},"texte":{"text":"Montaje del reloj","subline":"Precisi\u00f3n y pasi\u00f3n en armon\u00eda"}}]},"wpml_current_locale":"es_ES","wpml_translations":{"en_US":{"locale":"en_US","id":5463,"slug":"assembly","post_title":"Assembly","href":"https:\/\/luh.zzagenturweb.de\/en\/craftsmanship\/assembly\/"},"de_DE":{"locale":"de_DE","id":5153,"slug":"montage","post_title":"Montage","href":"https:\/\/luh.zzagenturweb.de\/handwerk\/montage\/"},"fr_FR":{"locale":"fr_FR","id":7583,"slug":"montage","post_title":"Montage","href":"https:\/\/luh.zzagenturweb.de\/fr\/artisanat\/montage\/"},"ja":{"locale":"ja","id":5464,"slug":"assembly","post_title":"\u30a2\u30c3\u30bb\u30f3\u30d6\u30ea","href":"https:\/\/luh.zzagenturweb.de\/ja\/craftsmanship\/assembly\/"},"zh_CN":{"locale":"zh_CN","id":5465,"slug":"assembly","post_title":"\u7ec4\u88c5","href":"https:\/\/luh.zzagenturweb.de\/zh-hans\/craftsmanship\/assembly\/"}},"_links":{"self":[{"href":"https:\/\/luh.zzagenturweb.de\/es\/wp-json\/wp\/v2\/pages\/7591","targetHints":{"allow":["GET"]}}],"collection":[{"href":"https:\/\/luh.zzagenturweb.de\/es\/wp-json\/wp\/v2\/pages"}],"about":[{"href":"https:\/\/luh.zzagenturweb.de\/es\/wp-json\/wp\/v2\/types\/page"}],"author":[{"embeddable":true,"href":"https:\/\/luh.zzagenturweb.de\/es\/wp-json\/wp\/v2\/users\/5"}],"replies":[{"embeddable":true,"href":"https:\/\/luh.zzagenturweb.de\/es\/wp-json\/wp\/v2\/comments?post=7591"}],"version-history":[{"count":0,"href":"https:\/\/luh.zzagenturweb.de\/es\/wp-json\/wp\/v2\/pages\/7591\/revisions"}],"up":[{"embeddable":true,"href":"https:\/\/luh.zzagenturweb.de\/es\/wp-json\/wp\/v2\/pages\/7552"}],"wp:attachment":[{"href":"https:\/\/luh.zzagenturweb.de\/es\/wp-json\/wp\/v2\/media?parent=7591"}],"curies":[{"name":"wp","href":"https:\/\/api.w.org\/{rel}","templated":true}]}}